{"id":96,"date":"2025-03-24T20:22:40","date_gmt":"2025-03-24T18:22:40","guid":{"rendered":"https:\/\/splendid.saltonwaves.com\/?page_id=96"},"modified":"2025-06-16T13:59:00","modified_gmt":"2025-06-16T11:59:00","slug":"ecoducts-n71-n76-bridging-nature","status":"publish","type":"page","link":"https:\/\/www.splendidromania.ro\/ro\/ecoducts-n71-n76-bridging-nature\/","title":{"rendered":"Ecoductele N71 \u0219i N76: Natura \u00een echilibru"},"content":{"rendered":"<div data-elementor-type=\"wp-page\" data-elementor-id=\"96\" class=\"elementor elementor-96\" data-elementor-post-type=\"page\">\n\t\t\t\t<div class=\"elementor-element elementor-element-4f1f64b e-con-full e-flex e-con e-parent\" data-id=\"4f1f64b\" data-element_type=\"container\" data-settings=\"{&quot;background_background&quot;:&quot;classic&quot;}\">\n\t\t<div class=\"elementor-element elementor-element-ad7ebfc e-flex e-con-boxed e-con e-child\" data-id=\"ad7ebfc\" data-element_type=\"container\">\n\t\t\t\t\t<div class=\"e-con-inner\">\n\t\t<div class=\"elementor-element elementor-element-0e836fd e-con-full e-flex e-con e-child\" data-id=\"0e836fd\" data-element_type=\"container\">\n\t\t\t\t<div class=\"elementor-element elementor-element-6b2abd9 elementor-widget elementor-widget-heading\" data-id=\"6b2abd9\" data-element_type=\"widget\" data-widget_type=\"heading.default\">\n\t\t\t\t\t<h2 class=\"elementor-heading-title elementor-size-default\">LOMMEL &amp; OUDSBERGEN, BELGIA<\/h2>\t\t\t\t<\/div>\n\t\t\t\t<div class=\"elementor-element elementor-element-d178ef6 elementor-widget elementor-widget-heading\" data-id=\"d178ef6\" data-element_type=\"widget\" data-widget_type=\"heading.default\">\n\t\t\t\t\t<h2 class=\"elementor-heading-title elementor-size-default\">Ecoductele N71 \u0219i N76: Natura \u00een echilibru<\/h2>\t\t\t\t<\/div>\n\t\t\t\t<div class=\"elementor-element elementor-element-d8f198c elementor-widget elementor-widget-heading\" data-id=\"d8f198c\" data-element_type=\"widget\" data-widget_type=\"heading.default\">\n\t\t\t\t\t<h2 class=\"elementor-heading-title elementor-size-default\">reconectarea habitatelor fragmentate \u0219i revitalizarea biodiversit\u0103\u021bii prin integrarea de  coridoare ecologice durabile<\/h2>\t\t\t\t<\/div>\n\t\t<a class=\"elementor-element elementor-element-81028f1 e-con-full base-button e-flex e-con e-child\" data-id=\"81028f1\" data-element_type=\"container\" data-settings=\"{&quot;background_background&quot;:&quot;classic&quot;}\">\n\t\t\t\t<div class=\"elementor-element elementor-element-282802e elementor-widget elementor-widget-heading\" data-id=\"282802e\" data-element_type=\"widget\" data-widget_type=\"heading.default\">\n\t\t\t\t\t<h2 class=\"elementor-heading-title elementor-size-default\">Vezi proiect<\/h2>\t\t\t\t<\/div>\n\t\t\t\t<div class=\"elementor-element elementor-element-59b3c7e elementor-widget__width-initial elementor-widget elementor-widget-html\" data-id=\"59b3c7e\" data-element_type=\"widget\" data-widget_type=\"html.default\">\n\t\t\t\t\t\r\n<div class=\"base-button\">\r\n  <div class=\"ani-ico\">\r\n    <svg class=\"animated-arrow\" viewbox=\"0 0 42 26\" fill=\"none\" xmlns=\"http:\/\/www.w3.org\/2000\/svg\" preserveaspectratio=\"xMinYMid meet\">\r\n      <path class=\"arrow-line\" d=\"M1 13L25 13\" stroke=\"#29ABE2\" stroke-width=\"2\" stroke-linecap=\"round\" stroke-linejoin=\"round\"\/>\r\n      <path class=\"arrow-tip\" d=\"M13 0.999999L25 13L13 25\" stroke=\"#29ABE2\" stroke-width=\"2\" stroke-linecap=\"round\" stroke-linejoin=\"round\"\/>\r\n    <\/svg>\r\n  <\/div>\r\n<\/div>\t\t\t\t<\/div>\n\t\t\t\t<\/a>\n\t\t\t\t<\/div>\n\t\t\t\t\t<\/div>\n\t\t\t\t<\/div>\n\t\t\t\t<\/div>\n\t\t<div class=\"elementor-element elementor-element-23713e7 slideup e-flex e-con-boxed e-con e-parent\" data-id=\"23713e7\" data-element_type=\"container\" data-settings=\"{&quot;background_background&quot;:&quot;classic&quot;}\">\n\t\t\t\t\t<div class=\"e-con-inner\">\n\t\t<div class=\"elementor-element elementor-element-0500e72 e-con-full e-flex e-con e-child\" data-id=\"0500e72\" data-element_type=\"container\">\n\t\t\t\t<div class=\"elementor-element elementor-element-130b080 elementor-widget elementor-widget-heading\" data-id=\"130b080\" data-element_type=\"widget\" data-widget_type=\"heading.default\">\n\t\t\t\t\t<h2 class=\"elementor-heading-title elementor-size-default\">Servicii<\/h2>\t\t\t\t<\/div>\n\t\t\t\t<\/div>\n\t\t<div class=\"elementor-element elementor-element-d8bc6b6 e-con-full e-flex e-con e-child\" data-id=\"d8bc6b6\" data-element_type=\"container\">\n\t\t\t\t<div class=\"elementor-element elementor-element-80227e9 elementor-widget elementor-widget-text-editor\" data-id=\"80227e9\" data-element_type=\"widget\" data-widget_type=\"text-editor.default\">\n\t\t\t\t\t\t\t\t\t<p>Proiectare \u0219i Management de Proiect Integrat BIM<br \/>Produc\u021bie Documenta\u021bie Tehnic\u0103\u00a0<br \/>Vizualizare<\/p>\t\t\t\t\t\t\t\t<\/div>\n\t\t\t\t<\/div>\n\t\t\t\t\t<\/div>\n\t\t\t\t<\/div>\n\t\t<div class=\"elementor-element elementor-element-a30627f e-flex e-con-boxed e-con e-parent\" data-id=\"a30627f\" data-element_type=\"container\" data-settings=\"{&quot;background_background&quot;:&quot;classic&quot;}\">\n\t\t\t\t\t<div class=\"e-con-inner\">\n\t\t<div class=\"elementor-element elementor-element-f819cf5 e-con-full e-flex e-con e-child\" data-id=\"f819cf5\" data-element_type=\"container\">\n\t\t\t\t<div class=\"elementor-element elementor-element-31d0a84 elementor-widget elementor-widget-text-editor\" data-id=\"31d0a84\" data-element_type=\"widget\" data-widget_type=\"text-editor.default\">\n\t\t\t\t\t\t\t\t\t<p>Proiectul Ecoductele N71 \u0219i N76 reprezint\u0103 o etap\u0103 important\u0103 \u00een angajamentul Flandrei fa\u021b\u0103 de restaurarea ecologic\u0103, ca parte a Programului de Ac\u021biune pentru Defragmentarea Ecologic\u0103 (VAPEO).<\/p><p>Aceste pasaje pentru fauna s\u0103lbatic\u0103 reconecteaz\u0103 habitate fragmentate, sporesc biodiversitatea \u0219i restaureaz\u0103 coridoarele naturale de mi\u0219care pentru nenum\u0103rate specii. Prin reducerea decalajului ecologic creat de re\u021belele de transport, aceste structuri sus\u021bin bun\u0103starea \u0219i durabilitatea patrimoniului natural al Belgiei.<\/p><p>Echipa noastr\u0103 multidisciplinar\u0103 a furnizat <b>servicii complete de proiectare integrate prin BIM, <\/b>care au asigurat o coordonare perfect\u0103 \u00een toate fazele proiectului ce conecteaz\u0103 parcurile na\u021bionale Bosland \u0219i Hoge Kempen. Prin <b>nivelarea atent\u0103 a amplasamentului \u0219i proiectarea lucr\u0103rilor de terasament,<\/b> am creat \u00eenclina\u021bii optime care se integreaz\u0103 armonios \u00een peisaj, reduc\u00e2nd impactul asupra mediului.<\/p>\t\t\t\t\t\t\t\t<\/div>\n\t\t\t\t<\/div>\n\t\t\t\t\t<\/div>\n\t\t\t\t<\/div>\n\t\t<div class=\"elementor-element elementor-element-8db1ae8 e-flex e-con-boxed e-con e-parent\" data-id=\"8db1ae8\" data-element_type=\"container\">\n\t\t\t\t\t<div class=\"e-con-inner\">\n\t\t<div class=\"elementor-element elementor-element-81d0bb8 e-con-full e-flex e-con e-child\" data-id=\"81d0bb8\" data-element_type=\"container\" data-settings=\"{&quot;background_background&quot;:&quot;classic&quot;}\">\n\t\t\t\t<\/div>\n\t\t\t\t\t<\/div>\n\t\t\t\t<\/div>\n\t\t<div class=\"elementor-element elementor-element-475b704 e-flex e-con-boxed e-con e-parent\" data-id=\"475b704\" data-element_type=\"container\" data-settings=\"{&quot;background_background&quot;:&quot;classic&quot;}\">\n\t\t\t\t\t<div class=\"e-con-inner\">\n\t\t<div class=\"elementor-element elementor-element-f0a889c e-con-full e-flex e-con e-child\" data-id=\"f0a889c\" data-element_type=\"container\">\n\t\t\t\t<div class=\"elementor-element elementor-element-5eb67dd elementor-widget elementor-widget-text-editor\" data-id=\"5eb67dd\" data-element_type=\"widget\" data-widget_type=\"text-editor.default\">\n\t\t\t\t\t\t\t\t\t<p>Aceast\u0103 etap\u0103 de baz\u0103 a sus\u021binut <b>lucr\u0103rile noastre de arhitectur\u0103 peisagistic\u0103 \u0219i planificare a amplasamentului <\/b>pentru recrearea pasajelor care se simt ca extensii naturale ale mediului existent. Aceste peisaje au fost consolidate prin <b>proiectare structural\u0103<\/b>,  care ne-a ajutat s\u0103 realiz\u0103m structuri de trecere rezistente, capabile s\u0103 g\u0103zduiasc\u0103 at\u00e2t fauna s\u0103lbatic\u0103, c\u00e2t \u0219i utilizatorii recrea\u021bionali, acolo unde este necesar.<\/p><p>Pe parcursul proiectului, am creat <b>rand\u0103ri conving\u0103toare \u0219i imagini 3D<\/b> care au comunicat eficient p\u0103r\u021bilor interesate conceptele de design, promov\u00e2nd \u00een\u021belegerea \u0219i aprecierea acestor conexiuni ecologice importante din re\u021beaua natural\u0103 a Flandrei.<\/p><p>Am realizat, de asemenea, toate <b>plan\u0219ele tehnice<\/b> necesare pentru ob\u021binerea autoriza\u021biei de construc\u021bie, \u00een conformitate cu cerin\u021bele de reglementare, men\u021bin\u00e2nd \u00een acela\u0219i timp integritatea ecologic\u0103 a viziunii programului VAPEO.<\/p>\t\t\t\t\t\t\t\t<\/div>\n\t\t\t\t<\/div>\n\t\t\t\t\t<\/div>\n\t\t\t\t<\/div>\n\t\t<div class=\"elementor-element elementor-element-6b22ed3 e-flex e-con-boxed e-con e-parent\" data-id=\"6b22ed3\" data-element_type=\"container\">\n\t\t\t\t\t<div class=\"e-con-inner\">\n\t\t<div class=\"elementor-element elementor-element-0b9e164 e-con-full e-flex e-con e-child\" data-id=\"0b9e164\" data-element_type=\"container\" data-settings=\"{&quot;background_background&quot;:&quot;classic&quot;}\">\n\t\t\t\t<\/div>\n\t\t\t\t\t<\/div>\n\t\t\t\t<\/div>\n\t\t<div class=\"elementor-element elementor-element-ecbd8e2 e-flex e-con-boxed e-con e-parent\" data-id=\"ecbd8e2\" data-element_type=\"container\">\n\t\t\t\t\t<div class=\"e-con-inner\">\n\t\t<div class=\"elementor-element elementor-element-13f2811 e-con-full e-flex e-con e-child\" data-id=\"13f2811\" data-element_type=\"container\" data-settings=\"{&quot;background_background&quot;:&quot;classic&quot;}\">\n\t\t\t\t<\/div>\n\t\t\t\t\t<\/div>\n\t\t\t\t<\/div>\n\t\t\t\t<\/div>","protected":false},"excerpt":{"rendered":"<p>See project Services BIM-Integrated Project Design &amp; ManagementTechnical Drawings Production\u00a0Visualisation The Ecoducts N71 &amp; N76 project represents an important milestone in Flanders&#8217; commitment to ecological restoration, as part of the Ecological Defragmentation Action Programme (VAPEO). These wildlife passages reconnect fragmented habitats, enhance biodiversity, and restore natural movement corridors for countless species. By bridging the ecological [&hellip;]<\/p>","protected":false},"author":1,"featured_media":88,"parent":0,"menu_order":0,"comment_status":"closed","ping_status":"closed","template":"","meta":{"footnotes":""},"project_type":[4],"class_list":["post-96","page","type-page","status-publish","has-post-thumbnail","hentry","project_type-industrial"],"yoast_head":"<!-- This site is optimized with the Yoast SEO plugin v26.2 - https:\/\/yoast.com\/wordpress\/plugins\/seo\/ -->\n<title>Ecoducts N71 &amp; N76: Bridging Nature - Splendid DEVELOPMENT<\/title>\n<meta name=\"description\" content=\"Discover the Ecoducts N71 &amp; N76 project. Our BIM-integrated design services delivered seamless ecological restoration with multidisciplinary expertise.\" \/>\n<meta name=\"robots\" content=\"index, follow, max-snippet:-1, max-image-preview:large, max-video-preview:-1\" \/>\n<link rel=\"canonical\" href=\"https:\/\/www.splendidromania.ro\/ro\/ecoducts-n71-n76-bridging-nature\/\" \/>\n<meta property=\"og:locale\" content=\"ro_RO\" \/>\n<meta property=\"og:type\" content=\"article\" \/>\n<meta property=\"og:title\" content=\"Ecoducts N71 &amp; N76: Bridging Nature - Splendid DEVELOPMENT\" \/>\n<meta property=\"og:description\" content=\"Discover the Ecoducts N71 &amp; N76 project. Our BIM-integrated design services delivered seamless ecological restoration with multidisciplinary expertise.\" \/>\n<meta property=\"og:url\" content=\"https:\/\/www.splendidromania.ro\/ro\/ecoducts-n71-n76-bridging-nature\/\" \/>\n<meta property=\"og:site_name\" content=\"Splendid DEVELOPMENT\" \/>\n<meta property=\"article:modified_time\" content=\"2025-06-16T11:59:00+00:00\" \/>\n<meta property=\"og:image\" content=\"https:\/\/www.splendidromania.ro\/wp-content\/uploads\/2025\/03\/p5.png\" \/>\n\t<meta property=\"og:image:width\" content=\"1731\" \/>\n\t<meta property=\"og:image:height\" content=\"981\" \/>\n\t<meta property=\"og:image:type\" content=\"image\/png\" \/>\n<meta name=\"twitter:card\" content=\"summary_large_image\" \/>\n<meta name=\"twitter:label1\" content=\"Timp estimat pentru citire\" \/>\n\t<meta name=\"twitter:data1\" content=\"2 minute\" \/>\n<script type=\"application\/ld+json\" class=\"yoast-schema-graph\">{\"@context\":\"https:\/\/schema.org\",\"@graph\":[{\"@type\":\"WebPage\",\"@id\":\"https:\/\/www.splendidromania.ro\/en\/ecoducts-n71-n76-bridging-nature\/\",\"url\":\"https:\/\/www.splendidromania.ro\/en\/ecoducts-n71-n76-bridging-nature\/\",\"name\":\"Ecoducts N71 &amp; N76: Bridging Nature - Splendid DEVELOPMENT\",\"isPartOf\":{\"@id\":\"https:\/\/www.splendidromania.ro\/en\/#website\"},\"primaryImageOfPage\":{\"@id\":\"https:\/\/www.splendidromania.ro\/en\/ecoducts-n71-n76-bridging-nature\/#primaryimage\"},\"image\":{\"@id\":\"https:\/\/www.splendidromania.ro\/en\/ecoducts-n71-n76-bridging-nature\/#primaryimage\"},\"thumbnailUrl\":\"https:\/\/www.splendidromania.ro\/wp-content\/uploads\/2025\/03\/p5.png\",\"datePublished\":\"2025-03-24T18:22:40+00:00\",\"dateModified\":\"2025-06-16T11:59:00+00:00\",\"description\":\"Discover the Ecoducts N71 & N76 project. Our BIM-integrated design services delivered seamless ecological restoration with multidisciplinary expertise.\",\"breadcrumb\":{\"@id\":\"https:\/\/www.splendidromania.ro\/en\/ecoducts-n71-n76-bridging-nature\/#breadcrumb\"},\"inLanguage\":\"ro-RO\",\"potentialAction\":[{\"@type\":\"ReadAction\",\"target\":[\"https:\/\/www.splendidromania.ro\/en\/ecoducts-n71-n76-bridging-nature\/\"]}]},{\"@type\":\"ImageObject\",\"inLanguage\":\"ro-RO\",\"@id\":\"https:\/\/www.splendidromania.ro\/en\/ecoducts-n71-n76-bridging-nature\/#primaryimage\",\"url\":\"https:\/\/www.splendidromania.ro\/wp-content\/uploads\/2025\/03\/p5.png\",\"contentUrl\":\"https:\/\/www.splendidromania.ro\/wp-content\/uploads\/2025\/03\/p5.png\",\"width\":1731,\"height\":981},{\"@type\":\"BreadcrumbList\",\"@id\":\"https:\/\/www.splendidromania.ro\/en\/ecoducts-n71-n76-bridging-nature\/#breadcrumb\",\"itemListElement\":[{\"@type\":\"ListItem\",\"position\":1,\"name\":\"Home\",\"item\":\"https:\/\/www.splendidromania.ro\/en\/\"},{\"@type\":\"ListItem\",\"position\":2,\"name\":\"Ecoducts N71 &amp; N76: Bridging Nature\"}]},{\"@type\":\"WebSite\",\"@id\":\"https:\/\/www.splendidromania.ro\/en\/#website\",\"url\":\"https:\/\/www.splendidromania.ro\/en\/\",\"name\":\"Splendid DEVELOPMENT\",\"description\":\"Led by customer experience\",\"publisher\":{\"@id\":\"https:\/\/www.splendidromania.ro\/en\/#organization\"},\"potentialAction\":[{\"@type\":\"SearchAction\",\"target\":{\"@type\":\"EntryPoint\",\"urlTemplate\":\"https:\/\/www.splendidromania.ro\/en\/?s={search_term_string}\"},\"query-input\":{\"@type\":\"PropertyValueSpecification\",\"valueRequired\":true,\"valueName\":\"search_term_string\"}}],\"inLanguage\":\"ro-RO\"},{\"@type\":\"Organization\",\"@id\":\"https:\/\/www.splendidromania.ro\/en\/#organization\",\"name\":\"Splendid DEVELOPMENT\",\"url\":\"https:\/\/www.splendidromania.ro\/en\/\",\"logo\":{\"@type\":\"ImageObject\",\"inLanguage\":\"ro-RO\",\"@id\":\"https:\/\/www.splendidromania.ro\/en\/#\/schema\/logo\/image\/\",\"url\":\"https:\/\/www.splendidromania.ro\/wp-content\/uploads\/2025\/03\/logo-b.svg\",\"contentUrl\":\"https:\/\/www.splendidromania.ro\/wp-content\/uploads\/2025\/03\/logo-b.svg\",\"width\":228,\"height\":74,\"caption\":\"Splendid DEVELOPMENT\"},\"image\":{\"@id\":\"https:\/\/www.splendidromania.ro\/en\/#\/schema\/logo\/image\/\"},\"sameAs\":[\"https:\/\/www.linkedin.com\/company\/splendid-development\/\"]}]}<\/script>\n<!-- \/ Yoast SEO plugin. -->","yoast_head_json":{"title":"Ecoducts N71 &amp; N76: Bridging Nature - Splendid DEVELOPMENT","description":"Discover the Ecoducts N71 & N76 project. Our BIM-integrated design services delivered seamless ecological restoration with multidisciplinary expertise.","robots":{"index":"index","follow":"follow","max-snippet":"max-snippet:-1","max-image-preview":"max-image-preview:large","max-video-preview":"max-video-preview:-1"},"canonical":"https:\/\/www.splendidromania.ro\/ro\/ecoducts-n71-n76-bridging-nature\/","og_locale":"ro_RO","og_type":"article","og_title":"Ecoducts N71 &amp; N76: Bridging Nature - Splendid DEVELOPMENT","og_description":"Discover the Ecoducts N71 & N76 project. Our BIM-integrated design services delivered seamless ecological restoration with multidisciplinary expertise.","og_url":"https:\/\/www.splendidromania.ro\/ro\/ecoducts-n71-n76-bridging-nature\/","og_site_name":"Splendid DEVELOPMENT","article_modified_time":"2025-06-16T11:59:00+00:00","og_image":[{"width":1731,"height":981,"url":"https:\/\/www.splendidromania.ro\/wp-content\/uploads\/2025\/03\/p5.png","type":"image\/png"}],"twitter_card":"summary_large_image","twitter_misc":{"Timp estimat pentru citire":"2 minute"},"schema":{"@context":"https:\/\/schema.org","@graph":[{"@type":"WebPage","@id":"https:\/\/www.splendidromania.ro\/en\/ecoducts-n71-n76-bridging-nature\/","url":"https:\/\/www.splendidromania.ro\/en\/ecoducts-n71-n76-bridging-nature\/","name":"Ecoducts N71 &amp; N76: Bridging Nature - Splendid DEVELOPMENT","isPartOf":{"@id":"https:\/\/www.splendidromania.ro\/en\/#website"},"primaryImageOfPage":{"@id":"https:\/\/www.splendidromania.ro\/en\/ecoducts-n71-n76-bridging-nature\/#primaryimage"},"image":{"@id":"https:\/\/www.splendidromania.ro\/en\/ecoducts-n71-n76-bridging-nature\/#primaryimage"},"thumbnailUrl":"https:\/\/www.splendidromania.ro\/wp-content\/uploads\/2025\/03\/p5.png","datePublished":"2025-03-24T18:22:40+00:00","dateModified":"2025-06-16T11:59:00+00:00","description":"Discover the Ecoducts N71 & N76 project. Our BIM-integrated design services delivered seamless ecological restoration with multidisciplinary expertise.","breadcrumb":{"@id":"https:\/\/www.splendidromania.ro\/en\/ecoducts-n71-n76-bridging-nature\/#breadcrumb"},"inLanguage":"ro-RO","potentialAction":[{"@type":"ReadAction","target":["https:\/\/www.splendidromania.ro\/en\/ecoducts-n71-n76-bridging-nature\/"]}]},{"@type":"ImageObject","inLanguage":"ro-RO","@id":"https:\/\/www.splendidromania.ro\/en\/ecoducts-n71-n76-bridging-nature\/#primaryimage","url":"https:\/\/www.splendidromania.ro\/wp-content\/uploads\/2025\/03\/p5.png","contentUrl":"https:\/\/www.splendidromania.ro\/wp-content\/uploads\/2025\/03\/p5.png","width":1731,"height":981},{"@type":"BreadcrumbList","@id":"https:\/\/www.splendidromania.ro\/en\/ecoducts-n71-n76-bridging-nature\/#breadcrumb","itemListElement":[{"@type":"ListItem","position":1,"name":"Home","item":"https:\/\/www.splendidromania.ro\/en\/"},{"@type":"ListItem","position":2,"name":"Ecoducts N71 &amp; N76: Bridging Nature"}]},{"@type":"WebSite","@id":"https:\/\/www.splendidromania.ro\/en\/#website","url":"https:\/\/www.splendidromania.ro\/en\/","name":"Splendid DEVELOPMENT","description":"Led by customer experience","publisher":{"@id":"https:\/\/www.splendidromania.ro\/en\/#organization"},"potentialAction":[{"@type":"SearchAction","target":{"@type":"EntryPoint","urlTemplate":"https:\/\/www.splendidromania.ro\/en\/?s={search_term_string}"},"query-input":{"@type":"PropertyValueSpecification","valueRequired":true,"valueName":"search_term_string"}}],"inLanguage":"ro-RO"},{"@type":"Organization","@id":"https:\/\/www.splendidromania.ro\/en\/#organization","name":"Splendid DEVELOPMENT","url":"https:\/\/www.splendidromania.ro\/en\/","logo":{"@type":"ImageObject","inLanguage":"ro-RO","@id":"https:\/\/www.splendidromania.ro\/en\/#\/schema\/logo\/image\/","url":"https:\/\/www.splendidromania.ro\/wp-content\/uploads\/2025\/03\/logo-b.svg","contentUrl":"https:\/\/www.splendidromania.ro\/wp-content\/uploads\/2025\/03\/logo-b.svg","width":228,"height":74,"caption":"Splendid DEVELOPMENT"},"image":{"@id":"https:\/\/www.splendidromania.ro\/en\/#\/schema\/logo\/image\/"},"sameAs":["https:\/\/www.linkedin.com\/company\/splendid-development\/"]}]}},"_links":{"self":[{"href":"https:\/\/www.splendidromania.ro\/ro\/wp-json\/wp\/v2\/pages\/96","targetHints":{"allow":["GET"]}}],"collection":[{"href":"https:\/\/www.splendidromania.ro\/ro\/wp-json\/wp\/v2\/pages"}],"about":[{"href":"https:\/\/www.splendidromania.ro\/ro\/wp-json\/wp\/v2\/types\/page"}],"author":[{"embeddable":true,"href":"https:\/\/www.splendidromania.ro\/ro\/wp-json\/wp\/v2\/users\/1"}],"replies":[{"embeddable":true,"href":"https:\/\/www.splendidromania.ro\/ro\/wp-json\/wp\/v2\/comments?post=96"}],"version-history":[{"count":91,"href":"https:\/\/www.splendidromania.ro\/ro\/wp-json\/wp\/v2\/pages\/96\/revisions"}],"predecessor-version":[{"id":1808,"href":"https:\/\/www.splendidromania.ro\/ro\/wp-json\/wp\/v2\/pages\/96\/revisions\/1808"}],"wp:featuredmedia":[{"embeddable":true,"href":"https:\/\/www.splendidromania.ro\/ro\/wp-json\/wp\/v2\/media\/88"}],"wp:attachment":[{"href":"https:\/\/www.splendidromania.ro\/ro\/wp-json\/wp\/v2\/media?parent=96"}],"wp:term":[{"taxonomy":"project_type","embeddable":true,"href":"https:\/\/www.splendidromania.ro\/ro\/wp-json\/wp\/v2\/project_type?post=96"}],"curies":[{"name":"wp","href":"https:\/\/api.w.org\/{rel}","templated":true}]}}