{"id":501,"date":"2025-03-25T21:33:50","date_gmt":"2025-03-25T19:33:50","guid":{"rendered":"https:\/\/splendid.saltonwaves.com\/?page_id=501"},"modified":"2025-06-16T13:48:38","modified_gmt":"2025-06-16T11:48:38","slug":"company","status":"publish","type":"page","link":"https:\/\/www.splendidromania.ro\/ro\/company\/","title":{"rendered":"Companie"},"content":{"rendered":"<div data-elementor-type=\"wp-page\" data-elementor-id=\"501\" class=\"elementor elementor-501\" data-elementor-post-type=\"page\">\n\t\t\t\t<div class=\"elementor-element elementor-element-45c0c05 e-con-full e-flex e-con e-parent\" data-id=\"45c0c05\" data-element_type=\"container\" data-settings=\"{&quot;background_background&quot;:&quot;classic&quot;}\">\n\t\t<div class=\"elementor-element elementor-element-27fd06b e-flex e-con-boxed e-con e-child\" data-id=\"27fd06b\" data-element_type=\"container\">\n\t\t\t\t\t<div class=\"e-con-inner\">\n\t\t\t\t<div class=\"elementor-element elementor-element-09a5cfa elementor-widget elementor-widget-heading\" data-id=\"09a5cfa\" data-element_type=\"widget\" data-widget_type=\"heading.default\">\n\t\t\t\t\t<h2 class=\"elementor-heading-title elementor-size-default\">Companie<\/h2>\t\t\t\t<\/div>\n\t\t\t\t\t<\/div>\n\t\t\t\t<\/div>\n\t\t\t\t<\/div>\n\t\t<div class=\"elementor-element elementor-element-12f9618 e-flex e-con-boxed e-con e-parent\" data-id=\"12f9618\" data-element_type=\"container\">\n\t\t\t\t\t<div class=\"e-con-inner\">\n\t\t<div class=\"elementor-element elementor-element-27a6eed e-con-full e-flex e-con e-child\" data-id=\"27a6eed\" data-element_type=\"container\">\n\t\t\t\t<div class=\"elementor-element elementor-element-ca05c20 elementor-widget elementor-widget-text-editor\" data-id=\"ca05c20\" data-element_type=\"widget\" data-widget_type=\"text-editor.default\">\n\t\t\t\t\t\t\t\t\t<p>La Splendid Development oferim servicii integrate de inginerie \u0219i arhitectur\u0103, av\u00e2nd ca obiectiv central dezvoltarea durabil\u0103. Utiliz\u0103m tehnologii de ultim\u0103 genera\u021bie pentru a livra designuri eficiente, care \u00eendeplinesc cele mai \u00eenalte standarde de calitate.<\/p><p>Prioritiz\u0103m disciplina \u0219i consecven\u021ba \u00een tot ceea ce facem, dar munca noastr\u0103 se extinde dincolo de aceste elemente fundamentale. Echipa noastr\u0103 multidisciplinar\u0103 - format\u0103 din ingineri, arhitec\u021bi, anali\u0219ti, programatori \u0219i proiectan\u021bi - \u00ee\u0219i une\u0219te cuno\u0219tin\u021bele \u00eentr-o formul\u0103 puternic\u0103, ce cultiv\u0103 inova\u021bia. Prin curiozitate \u0219i \u00eenv\u0103\u021bare continu\u0103, dezvolt\u0103m solu\u021bii care dep\u0103\u0219esc \u00een mod constant a\u0219tept\u0103rile clien\u021bilor no\u0219tri.<\/p>\t\t\t\t\t\t\t\t<\/div>\n\t\t\t\t<\/div>\n\t\t\t\t\t<\/div>\n\t\t\t\t<\/div>\n\t\t<div class=\"elementor-element elementor-element-6d05196 e-flex e-con-boxed e-con e-parent\" data-id=\"6d05196\" data-element_type=\"container\" data-settings=\"{&quot;background_background&quot;:&quot;classic&quot;}\">\n\t\t\t\t\t<div class=\"e-con-inner\">\n\t\t<div class=\"elementor-element elementor-element-7edc108 e-con-full e-grid e-con e-child\" data-id=\"7edc108\" data-element_type=\"container\">\n\t\t<div class=\"elementor-element elementor-element-1ff7ea6 e-con-full ani e-flex e-con e-child\" data-id=\"1ff7ea6\" data-element_type=\"container\" data-settings=\"{&quot;background_background&quot;:&quot;classic&quot;}\">\n\t\t<div class=\"elementor-element elementor-element-75ba502 e-con-full e-flex e-con e-child\" data-id=\"75ba502\" data-element_type=\"container\" data-settings=\"{&quot;background_background&quot;:&quot;classic&quot;}\">\n\t\t\t\t<div class=\"elementor-element elementor-element-6dea30c elementor-widget elementor-widget-heading\" data-id=\"6dea30c\" data-element_type=\"widget\" data-widget_type=\"heading.default\">\n\t\t\t\t\t<h2 class=\"elementor-heading-title elementor-size-default\">Abordarea noastr\u0103<\/h2>\t\t\t\t<\/div>\n\t\t\t\t<div class=\"elementor-element elementor-element-619f9a8 ani1 elementor-widget elementor-widget-heading\" data-id=\"619f9a8\" data-element_type=\"widget\" data-widget_type=\"heading.default\">\n\t\t\t\t\t<h2 class=\"elementor-heading-title elementor-size-default\">Smart<\/h2>\t\t\t\t<\/div>\n\t\t\t\t<div class=\"elementor-element elementor-element-b9bf536 ani2 elementor-widget elementor-widget-text-editor\" data-id=\"b9bf536\" data-element_type=\"widget\" data-widget_type=\"text-editor.default\">\n\t\t\t\t\t\t\t\t\t<p>Valorific\u0103m expertiza din multiple domenii pentru a oferi solu\u021bii echilibrate, adaptate cerin\u021belor specifice ale fiec\u0103rui proiect. Combin\u0103m excelen\u021ba tehnic\u0103 cu o \u00een\u021belegere profund\u0103 a contextului local \u0219i a obiectivelor pe termen lung.<\/p>\t\t\t\t\t\t\t\t<\/div>\n\t\t\t\t<div class=\"elementor-element elementor-element-cc2d1c2 elementor-widget elementor-widget-html\" data-id=\"cc2d1c2\" data-element_type=\"widget\" data-widget_type=\"html.default\">\n\t\t\t\t\t<style>\r\n\/* CSS pentru efectul de hover pe desktop *\/\r\n@media (min-width: 768px) {\r\n    \/* C\u00e2nd se face hover pe containerul ani, se schimb\u0103 fundalul \u00een alb *\/\r\n    .ani:hover {\r\n        background-color: white !important;\r\n        transition: all 0.3s ease;\r\n    }\r\n\r\n    \/* C\u00e2nd se face hover pe containerul ani, se schimb\u0103 culoarea ani1 \u0219i ani2 *\/\r\n    .ani:hover .ani1,\r\n    .ani:hover .ani1 * {\r\n        color: var(--e-global-color-primary) !important;\r\n        transition: all 0.3s ease;\r\n    }\r\n\r\n    .ani:hover .ani2,\r\n    .ani:hover .ani2 * {\r\n        color: var(--e-global-color-primary) !important;\r\n        transition: all 0.3s ease;\r\n    }\r\n\r\n    \/* Starea persistent\u0103 de hover (dup\u0103 hover, p\u00e2n\u0103 la click) *\/\r\n    .ani.hover-active {\r\n        background-color: white !important;\r\n    }\r\n\r\n    .ani.hover-active .ani1,\r\n    .ani.hover-active .ani1 * {\r\n        color: var(--e-global-color-primary) !important;\r\n    }\r\n\r\n    .ani.hover-active .ani2,\r\n    .ani.hover-active .ani2 * {\r\n        color: var(--e-global-color-primary) !important;\r\n    }\r\n}\r\n\r\n\/* CSS pentru mobile - toate elementele s\u0103 arate ca hover implicit *\/\r\n@media (max-width: 767px) {\r\n    .ani {\r\n        background-color: white !important;\r\n    }\r\n\r\n    .ani .ani1,\r\n    .ani .ani1 * {\r\n        color: var(--e-global-color-primary) !important;\r\n    }\r\n\r\n    .ani .ani2,\r\n    .ani .ani2 * {\r\n        color: var(--e-global-color-primary) !important;\r\n    }\r\n}\r\n<\/style>\r\n\r\n<script>\r\n\/*\r\n\/\/ JavaScript pentru a gestiona persisten\u021ba hover p\u00e2n\u0103 la click (doar pe desktop)\r\ndocument.addEventListener('DOMContentLoaded', function() {\r\n    \/\/ Verific\u0103m dac\u0103 suntem pe desktop sau mobile\r\n    const isMobile = window.innerWidth < 768;\r\n    \r\n    if (!isMobile) {\r\n        \/\/ Doar pe desktop aplic\u0103m efectul de hover persistent\r\n        const aniContainers = document.querySelectorAll('.ani');\r\n        \r\n        if (aniContainers.length > 0) {\r\n            \/\/ Aplic\u0103m pentru fiecare container ani\r\n            aniContainers.forEach(function(container) {\r\n                \/\/ Ad\u0103ug\u0103m eveniment mouseenter pentru a aplica clasa hover-active\r\n                container.addEventListener('mouseenter', function() {\r\n                    this.classList.add('hover-active');\r\n                });\r\n                \r\n                \/\/ Ad\u0103ug\u0103m eveniment click pentru a elimina clasa hover-active\r\n                container.addEventListener('click', function() {\r\n                    this.classList.remove('hover-active');\r\n                });\r\n            });\r\n            \r\n            \/\/ Elimin\u0103m starea de hover c\u00e2nd se face click \u00een alt\u0103 parte\r\n            document.addEventListener('click', function(event) {\r\n                if (!event.target.closest('.ani')) {\r\n                    aniContainers.forEach(function(container) {\r\n                        container.classList.remove('hover-active');\r\n                    });\r\n                }\r\n            });\r\n        }\r\n    }\r\n    \r\n    \/\/ Ad\u0103ug\u0103m un listener pentru redimensionarea ferestrei\r\n    window.addEventListener('resize', function() {\r\n        const newIsMobile = window.innerWidth < 768;\r\n        \r\n        \/\/ Dac\u0103 dimensiunea s-a schimbat \u00eentre desktop \u0219i mobile\r\n        if (newIsMobile !== isMobile) {\r\n            location.reload(); \/\/ Re\u00eencarc\u0103 pagina pentru a aplica stilurile corecte\r\n        }\r\n    });\r\n});*\/\r\n<\/script>\t\t\t\t<\/div>\n\t\t\t\t<\/div>\n\t\t\t\t<\/div>\n\t\t<div class=\"elementor-element elementor-element-27affea e-con-full ani e-flex e-con e-child\" data-id=\"27affea\" data-element_type=\"container\" data-settings=\"{&quot;background_background&quot;:&quot;classic&quot;}\">\n\t\t<div class=\"elementor-element elementor-element-4de80b4 e-con-full e-flex e-con e-child\" data-id=\"4de80b4\" data-element_type=\"container\" data-settings=\"{&quot;background_background&quot;:&quot;classic&quot;}\">\n\t\t\t\t<div class=\"elementor-element elementor-element-3ef020a elementor-widget elementor-widget-heading\" data-id=\"3ef020a\" data-element_type=\"widget\" data-widget_type=\"heading.default\">\n\t\t\t\t\t<h2 class=\"elementor-heading-title elementor-size-default\">Abordarea noastr\u0103<\/h2>\t\t\t\t<\/div>\n\t\t\t\t<div class=\"elementor-element elementor-element-b7d6338 ani1 elementor-widget elementor-widget-heading\" data-id=\"b7d6338\" data-element_type=\"widget\" data-widget_type=\"heading.default\">\n\t\t\t\t\t<h2 class=\"elementor-heading-title elementor-size-default\">Agil\u0103<\/h2>\t\t\t\t<\/div>\n\t\t\t\t<div class=\"elementor-element elementor-element-747577f ani2 elementor-widget elementor-widget-text-editor\" data-id=\"747577f\" data-element_type=\"widget\" data-widget_type=\"text-editor.default\">\n\t\t\t\t\t\t\t\t\t<p>Ne concentr\u0103m pe optimizarea proceselor \u0219i automatizarea fluxurilor de lucru pentru a simplifica sarcinile complexe. Astfel, asigur\u0103m o execu\u021bie flexibil\u0103, rapid\u0103 \u0219i adaptat\u0103 \u00een timp real la nevoile proiectului.<\/p>\t\t\t\t\t\t\t\t<\/div>\n\t\t\t\t<\/div>\n\t\t\t\t<\/div>\n\t\t<div class=\"elementor-element elementor-element-50efa52 e-con-full ani e-flex e-con e-child\" data-id=\"50efa52\" data-element_type=\"container\" data-settings=\"{&quot;background_background&quot;:&quot;classic&quot;}\">\n\t\t<div class=\"elementor-element elementor-element-e60ff58 e-con-full e-flex e-con e-child\" data-id=\"e60ff58\" data-element_type=\"container\" data-settings=\"{&quot;background_background&quot;:&quot;classic&quot;}\">\n\t\t\t\t<div class=\"elementor-element elementor-element-91b57a4 elementor-widget elementor-widget-heading\" data-id=\"91b57a4\" data-element_type=\"widget\" data-widget_type=\"heading.default\">\n\t\t\t\t\t<h2 class=\"elementor-heading-title elementor-size-default\">Abordarea noastr\u0103<\/h2>\t\t\t\t<\/div>\n\t\t\t\t<div class=\"elementor-element elementor-element-ce9a937 ani1 elementor-widget elementor-widget-heading\" data-id=\"ce9a937\" data-element_type=\"widget\" data-widget_type=\"heading.default\">\n\t\t\t\t\t<h2 class=\"elementor-heading-title elementor-size-default\">Eficient\u0103<\/h2>\t\t\t\t<\/div>\n\t\t\t\t<div class=\"elementor-element elementor-element-4380e43 ani2 elementor-widget elementor-widget-text-editor\" data-id=\"4380e43\" data-element_type=\"widget\" data-widget_type=\"text-editor.default\">\n\t\t\t\t\t\t\t\t\t<p>Ne angaj\u0103m s\u0103 livr\u0103m constant rezultate de calitate \u2013 la timp \u0219i \u00een limitele bugetului. Eficien\u021ba noastr\u0103 este vizibil\u0103 \u0219i m\u0103surabil\u0103 \u00een fiecare etap\u0103, de la concept p\u00e2n\u0103 la implementare.<\/p>\t\t\t\t\t\t\t\t<\/div>\n\t\t\t\t<\/div>\n\t\t\t\t<\/div>\n\t\t<div class=\"elementor-element elementor-element-09a4dd0 e-con-full ani e-flex e-con e-child\" data-id=\"09a4dd0\" data-element_type=\"container\" data-settings=\"{&quot;background_background&quot;:&quot;classic&quot;}\">\n\t\t<div class=\"elementor-element elementor-element-bd33c1e e-con-full e-flex e-con e-child\" data-id=\"bd33c1e\" data-element_type=\"container\" data-settings=\"{&quot;background_background&quot;:&quot;classic&quot;}\">\n\t\t\t\t<div class=\"elementor-element elementor-element-14e92f4 elementor-widget elementor-widget-heading\" data-id=\"14e92f4\" data-element_type=\"widget\" data-widget_type=\"heading.default\">\n\t\t\t\t\t<h2 class=\"elementor-heading-title elementor-size-default\">Abordarea noastr\u0103<\/h2>\t\t\t\t<\/div>\n\t\t\t\t<div class=\"elementor-element elementor-element-ae9a7a0 ani1 elementor-widget elementor-widget-heading\" data-id=\"ae9a7a0\" data-element_type=\"widget\" data-widget_type=\"heading.default\">\n\t\t\t\t\t<h2 class=\"elementor-heading-title elementor-size-default\">Inovatoare<\/h2>\t\t\t\t<\/div>\n\t\t\t\t<div class=\"elementor-element elementor-element-7af2f98 ani2 elementor-widget elementor-widget-text-editor\" data-id=\"7af2f98\" data-element_type=\"widget\" data-widget_type=\"text-editor.default\">\n\t\t\t\t\t\t\t\t\t<p>Promov\u0103m o cultur\u0103 a explor\u0103rii \u0219i a g\u00e2ndirii creative. Abord\u0103m provoc\u0103rile cu idei curajoase \u0219i solu\u021bii tehnologice care genereaz\u0103 valoare real\u0103, pentru ast\u0103zi \u0219i pentru viitor.<\/p>\t\t\t\t\t\t\t\t<\/div>\n\t\t\t\t<\/div>\n\t\t\t\t<\/div>\n\t\t\t\t<\/div>\n\t\t\t\t\t<\/div>\n\t\t\t\t<\/div>\n\t\t<div class=\"elementor-element elementor-element-f91cc3b e-flex e-con-boxed e-con e-parent\" data-id=\"f91cc3b\" data-element_type=\"container\" data-settings=\"{&quot;background_background&quot;:&quot;classic&quot;}\">\n\t\t\t\t\t<div class=\"e-con-inner\">\n\t\t<div class=\"elementor-element elementor-element-b0f8049 e-con-full e-flex e-con e-child\" data-id=\"b0f8049\" data-element_type=\"container\">\n\t\t\t\t<div class=\"elementor-element elementor-element-317b7fe elementor-widget elementor-widget-heading\" data-id=\"317b7fe\" data-element_type=\"widget\" data-widget_type=\"heading.default\">\n\t\t\t\t\t<h2 class=\"elementor-heading-title elementor-size-default\">+70<\/h2>\t\t\t\t<\/div>\n\t\t\t\t<div class=\"elementor-element elementor-element-5f400d1 elementor-widget elementor-widget-text-editor\" data-id=\"5f400d1\" data-element_type=\"widget\" data-widget_type=\"text-editor.default\">\n\t\t\t\t\t\t\t\t\t<p>angaja\u021bi<\/p>\t\t\t\t\t\t\t\t<\/div>\n\t\t\t\t<\/div>\n\t\t<div class=\"elementor-element elementor-element-ba7e09f e-con-full e-flex e-con e-child\" data-id=\"ba7e09f\" data-element_type=\"container\">\n\t\t\t\t<div class=\"elementor-element elementor-element-b034971 elementor-widget elementor-widget-heading\" data-id=\"b034971\" data-element_type=\"widget\" data-widget_type=\"heading.default\">\n\t\t\t\t\t<h2 class=\"elementor-heading-title elementor-size-default\">+350<\/h2>\t\t\t\t<\/div>\n\t\t\t\t<div class=\"elementor-element elementor-element-fd04312 elementor-widget elementor-widget-text-editor\" data-id=\"fd04312\" data-element_type=\"widget\" data-widget_type=\"text-editor.default\">\n\t\t\t\t\t\t\t\t\t<p>proiecte de succes<\/p>\t\t\t\t\t\t\t\t<\/div>\n\t\t\t\t<\/div>\n\t\t<div class=\"elementor-element elementor-element-d79ca08 e-con-full e-flex e-con e-child\" data-id=\"d79ca08\" data-element_type=\"container\">\n\t\t\t\t<div class=\"elementor-element elementor-element-d295000 elementor-widget elementor-widget-heading\" data-id=\"d295000\" data-element_type=\"widget\" data-widget_type=\"heading.default\">\n\t\t\t\t\t<h2 class=\"elementor-heading-title elementor-size-default\">5<\/h2>\t\t\t\t<\/div>\n\t\t\t\t<div class=\"elementor-element elementor-element-7349d53 elementor-widget elementor-widget-text-editor\" data-id=\"7349d53\" data-element_type=\"widget\" data-widget_type=\"text-editor.default\">\n\t\t\t\t\t\t\t\t\t<p>\u021b\u0103ri<\/p>\t\t\t\t\t\t\t\t<\/div>\n\t\t\t\t<\/div>\n\t\t<div class=\"elementor-element elementor-element-dc5ff9c e-con-full e-flex e-con e-child\" data-id=\"dc5ff9c\" data-element_type=\"container\">\n\t\t\t\t<div class=\"elementor-element elementor-element-521f83a elementor-widget elementor-widget-heading\" data-id=\"521f83a\" data-element_type=\"widget\" data-widget_type=\"heading.default\">\n\t\t\t\t\t<h2 class=\"elementor-heading-title elementor-size-default\">+ \u20ac10bn<\/h2>\t\t\t\t<\/div>\n\t\t\t\t<div class=\"elementor-element elementor-element-11e2d04 elementor-widget elementor-widget-text-editor\" data-id=\"11e2d04\" data-element_type=\"widget\" data-widget_type=\"text-editor.default\">\n\t\t\t\t\t\t\t\t\t<p>valoarea total\u0103 a proiectelor<\/p>\t\t\t\t\t\t\t\t<\/div>\n\t\t\t\t<\/div>\n\t\t<div class=\"elementor-element elementor-element-9c3a144 e-con-full e-flex e-con e-child\" data-id=\"9c3a144\" data-element_type=\"container\">\n\t\t\t\t<div class=\"elementor-element elementor-element-e60380e elementor-widget elementor-widget-heading\" data-id=\"e60380e\" data-element_type=\"widget\" data-widget_type=\"heading.default\">\n\t\t\t\t\t<h2 class=\"elementor-heading-title elementor-size-default\">+360.000<\/h2>\t\t\t\t<\/div>\n\t\t\t\t<div class=\"elementor-element elementor-element-f2bb2ec elementor-widget elementor-widget-text-editor\" data-id=\"f2bb2ec\" data-element_type=\"widget\" data-widget_type=\"text-editor.default\">\n\t\t\t\t\t\t\t\t\t<p>ore lucrate<\/p>\t\t\t\t\t\t\t\t<\/div>\n\t\t\t\t<\/div>\n\t\t\t\t\t<\/div>\n\t\t\t\t<\/div>\n\t\t\t\t<\/div>","protected":false},"excerpt":{"rendered":"<p>The company Splendid Development specializes in engineering and architectural services that drive sustainable progress. We leverage cutting-edge technologies to deliver efficient designs that meet the highest quality standards While we prioritize structure and consistency in everything we deliver, our work extends beyond these fundamentals. Our multidisciplinary team\u2014comprising engineers, architects, analysts, programmers, and designers\u2014forms a powerful [&hellip;]<\/p>","protected":false},"author":1,"featured_media":0,"parent":0,"menu_order":0,"comment_status":"closed","ping_status":"closed","template":"","meta":{"footnotes":""},"project_type":[],"class_list":["post-501","page","type-page","status-publish","hentry"],"yoast_head":"<!-- This site is optimized with the Yoast SEO plugin v26.2 - https:\/\/yoast.com\/wordpress\/plugins\/seo\/ -->\n<title>Company - Splendid DEVELOPMENT<\/title>\n<meta name=\"description\" content=\"Splendid Development offers expert engineering and architectural services using cutting-edge technology for sustainable, high-quality designs. Drive progress with our innovative solutions.\" \/>\n<meta name=\"robots\" content=\"index, follow, max-snippet:-1, max-image-preview:large, max-video-preview:-1\" \/>\n<link rel=\"canonical\" href=\"https:\/\/www.splendidromania.ro\/ro\/company\/\" \/>\n<meta property=\"og:locale\" content=\"ro_RO\" \/>\n<meta property=\"og:type\" content=\"article\" \/>\n<meta property=\"og:title\" content=\"Company - Splendid DEVELOPMENT\" \/>\n<meta property=\"og:description\" content=\"Splendid Development offers expert engineering and architectural services using cutting-edge technology for sustainable, high-quality designs. Drive progress with our innovative solutions.\" \/>\n<meta property=\"og:url\" content=\"https:\/\/www.splendidromania.ro\/ro\/company\/\" \/>\n<meta property=\"og:site_name\" content=\"Splendid DEVELOPMENT\" \/>\n<meta property=\"article:modified_time\" content=\"2025-06-16T11:48:38+00:00\" \/>\n<meta name=\"twitter:card\" content=\"summary_large_image\" \/>\n<meta name=\"twitter:label1\" content=\"Timp estimat pentru citire\" \/>\n\t<meta name=\"twitter:data1\" content=\"1 minut\" \/>\n<script type=\"application\/ld+json\" class=\"yoast-schema-graph\">{\"@context\":\"https:\/\/schema.org\",\"@graph\":[{\"@type\":\"WebPage\",\"@id\":\"https:\/\/www.splendidromania.ro\/ro\/company\/\",\"url\":\"https:\/\/www.splendidromania.ro\/ro\/company\/\",\"name\":\"Company - Splendid DEVELOPMENT\",\"isPartOf\":{\"@id\":\"https:\/\/www.splendidromania.ro\/en\/#website\"},\"datePublished\":\"2025-03-25T19:33:50+00:00\",\"dateModified\":\"2025-06-16T11:48:38+00:00\",\"description\":\"Splendid Development offers expert engineering and architectural services using cutting-edge technology for sustainable, high-quality designs. Drive progress with our innovative solutions.\",\"breadcrumb\":{\"@id\":\"https:\/\/www.splendidromania.ro\/ro\/company\/#breadcrumb\"},\"inLanguage\":\"ro-RO\",\"potentialAction\":[{\"@type\":\"ReadAction\",\"target\":[\"https:\/\/www.splendidromania.ro\/ro\/company\/\"]}]},{\"@type\":\"BreadcrumbList\",\"@id\":\"https:\/\/www.splendidromania.ro\/ro\/company\/#breadcrumb\",\"itemListElement\":[{\"@type\":\"ListItem\",\"position\":1,\"name\":\"Home\",\"item\":\"https:\/\/www.splendidromania.ro\/en\/\"},{\"@type\":\"ListItem\",\"position\":2,\"name\":\"Company\"}]},{\"@type\":\"WebSite\",\"@id\":\"https:\/\/www.splendidromania.ro\/en\/#website\",\"url\":\"https:\/\/www.splendidromania.ro\/en\/\",\"name\":\"Splendid DEVELOPMENT\",\"description\":\"Led by customer experience\",\"publisher\":{\"@id\":\"https:\/\/www.splendidromania.ro\/en\/#organization\"},\"potentialAction\":[{\"@type\":\"SearchAction\",\"target\":{\"@type\":\"EntryPoint\",\"urlTemplate\":\"https:\/\/www.splendidromania.ro\/en\/?s={search_term_string}\"},\"query-input\":{\"@type\":\"PropertyValueSpecification\",\"valueRequired\":true,\"valueName\":\"search_term_string\"}}],\"inLanguage\":\"ro-RO\"},{\"@type\":\"Organization\",\"@id\":\"https:\/\/www.splendidromania.ro\/en\/#organization\",\"name\":\"Splendid DEVELOPMENT\",\"url\":\"https:\/\/www.splendidromania.ro\/en\/\",\"logo\":{\"@type\":\"ImageObject\",\"inLanguage\":\"ro-RO\",\"@id\":\"https:\/\/www.splendidromania.ro\/en\/#\/schema\/logo\/image\/\",\"url\":\"https:\/\/www.splendidromania.ro\/wp-content\/uploads\/2025\/03\/logo-b.svg\",\"contentUrl\":\"https:\/\/www.splendidromania.ro\/wp-content\/uploads\/2025\/03\/logo-b.svg\",\"width\":228,\"height\":74,\"caption\":\"Splendid DEVELOPMENT\"},\"image\":{\"@id\":\"https:\/\/www.splendidromania.ro\/en\/#\/schema\/logo\/image\/\"},\"sameAs\":[\"https:\/\/www.linkedin.com\/company\/splendid-development\/\"]}]}<\/script>\n<!-- \/ Yoast SEO plugin. -->","yoast_head_json":{"title":"Company - Splendid DEVELOPMENT","description":"Splendid Development offers expert engineering and architectural services using cutting-edge technology for sustainable, high-quality designs. Drive progress with our innovative solutions.","robots":{"index":"index","follow":"follow","max-snippet":"max-snippet:-1","max-image-preview":"max-image-preview:large","max-video-preview":"max-video-preview:-1"},"canonical":"https:\/\/www.splendidromania.ro\/ro\/company\/","og_locale":"ro_RO","og_type":"article","og_title":"Company - Splendid DEVELOPMENT","og_description":"Splendid Development offers expert engineering and architectural services using cutting-edge technology for sustainable, high-quality designs. Drive progress with our innovative solutions.","og_url":"https:\/\/www.splendidromania.ro\/ro\/company\/","og_site_name":"Splendid DEVELOPMENT","article_modified_time":"2025-06-16T11:48:38+00:00","twitter_card":"summary_large_image","twitter_misc":{"Timp estimat pentru citire":"1 minut"},"schema":{"@context":"https:\/\/schema.org","@graph":[{"@type":"WebPage","@id":"https:\/\/www.splendidromania.ro\/ro\/company\/","url":"https:\/\/www.splendidromania.ro\/ro\/company\/","name":"Company - Splendid DEVELOPMENT","isPartOf":{"@id":"https:\/\/www.splendidromania.ro\/en\/#website"},"datePublished":"2025-03-25T19:33:50+00:00","dateModified":"2025-06-16T11:48:38+00:00","description":"Splendid Development offers expert engineering and architectural services using cutting-edge technology for sustainable, high-quality designs. Drive progress with our innovative solutions.","breadcrumb":{"@id":"https:\/\/www.splendidromania.ro\/ro\/company\/#breadcrumb"},"inLanguage":"ro-RO","potentialAction":[{"@type":"ReadAction","target":["https:\/\/www.splendidromania.ro\/ro\/company\/"]}]},{"@type":"BreadcrumbList","@id":"https:\/\/www.splendidromania.ro\/ro\/company\/#breadcrumb","itemListElement":[{"@type":"ListItem","position":1,"name":"Home","item":"https:\/\/www.splendidromania.ro\/en\/"},{"@type":"ListItem","position":2,"name":"Company"}]},{"@type":"WebSite","@id":"https:\/\/www.splendidromania.ro\/en\/#website","url":"https:\/\/www.splendidromania.ro\/en\/","name":"Splendid DEVELOPMENT","description":"Led by customer experience","publisher":{"@id":"https:\/\/www.splendidromania.ro\/en\/#organization"},"potentialAction":[{"@type":"SearchAction","target":{"@type":"EntryPoint","urlTemplate":"https:\/\/www.splendidromania.ro\/en\/?s={search_term_string}"},"query-input":{"@type":"PropertyValueSpecification","valueRequired":true,"valueName":"search_term_string"}}],"inLanguage":"ro-RO"},{"@type":"Organization","@id":"https:\/\/www.splendidromania.ro\/en\/#organization","name":"Splendid DEVELOPMENT","url":"https:\/\/www.splendidromania.ro\/en\/","logo":{"@type":"ImageObject","inLanguage":"ro-RO","@id":"https:\/\/www.splendidromania.ro\/en\/#\/schema\/logo\/image\/","url":"https:\/\/www.splendidromania.ro\/wp-content\/uploads\/2025\/03\/logo-b.svg","contentUrl":"https:\/\/www.splendidromania.ro\/wp-content\/uploads\/2025\/03\/logo-b.svg","width":228,"height":74,"caption":"Splendid DEVELOPMENT"},"image":{"@id":"https:\/\/www.splendidromania.ro\/en\/#\/schema\/logo\/image\/"},"sameAs":["https:\/\/www.linkedin.com\/company\/splendid-development\/"]}]}},"_links":{"self":[{"href":"https:\/\/www.splendidromania.ro\/ro\/wp-json\/wp\/v2\/pages\/501","targetHints":{"allow":["GET"]}}],"collection":[{"href":"https:\/\/www.splendidromania.ro\/ro\/wp-json\/wp\/v2\/pages"}],"about":[{"href":"https:\/\/www.splendidromania.ro\/ro\/wp-json\/wp\/v2\/types\/page"}],"author":[{"embeddable":true,"href":"https:\/\/www.splendidromania.ro\/ro\/wp-json\/wp\/v2\/users\/1"}],"replies":[{"embeddable":true,"href":"https:\/\/www.splendidromania.ro\/ro\/wp-json\/wp\/v2\/comments?post=501"}],"version-history":[{"count":73,"href":"https:\/\/www.splendidromania.ro\/ro\/wp-json\/wp\/v2\/pages\/501\/revisions"}],"predecessor-version":[{"id":2151,"href":"https:\/\/www.splendidromania.ro\/ro\/wp-json\/wp\/v2\/pages\/501\/revisions\/2151"}],"wp:attachment":[{"href":"https:\/\/www.splendidromania.ro\/ro\/wp-json\/wp\/v2\/media?parent=501"}],"wp:term":[{"taxonomy":"project_type","embeddable":true,"href":"https:\/\/www.splendidromania.ro\/ro\/wp-json\/wp\/v2\/project_type?post=501"}],"curies":[{"name":"wp","href":"https:\/\/api.w.org\/{rel}","templated":true}]}}