{"id":2449,"date":"2026-05-08T15:29:33","date_gmt":"2026-05-08T13:29:33","guid":{"rendered":"https:\/\/www.splendidromania.ro\/?page_id=2449"},"modified":"2026-05-08T15:29:34","modified_gmt":"2026-05-08T13:29:34","slug":"atc","status":"publish","type":"page","link":"https:\/\/www.splendidromania.ro\/ro\/atc\/","title":{"rendered":"ATC"},"content":{"rendered":"<div data-elementor-type=\"wp-page\" data-elementor-id=\"2449\" class=\"elementor elementor-2449\" data-elementor-post-type=\"page\">\n\t\t\t\t<div class=\"elementor-element elementor-element-9c0927a slideup e-flex e-con-boxed e-con e-parent\" data-id=\"9c0927a\" data-element_type=\"container\" data-settings=\"{&quot;background_background&quot;:&quot;classic&quot;}\">\n\t\t\t\t\t<div class=\"e-con-inner\">\n\t\t<div class=\"elementor-element elementor-element-bae172a e-con-full e-flex e-con e-child\" data-id=\"bae172a\" data-element_type=\"container\">\n\t\t\t\t<div class=\"elementor-element elementor-element-c3c21cd elementor-widget elementor-widget-heading\" data-id=\"c3c21cd\" data-element_type=\"widget\" data-widget_type=\"heading.default\">\n\t\t\t\t\t<h2 class=\"elementor-heading-title elementor-size-default\">CONTACT<\/h2>\t\t\t\t<\/div>\n\t\t\t\t<div class=\"elementor-element elementor-element-758f4d6 elementor-widget elementor-widget-heading\" data-id=\"758f4d6\" data-element_type=\"widget\" data-widget_type=\"heading.default\">\n\t\t\t\t\t<h2 class=\"elementor-heading-title elementor-size-default\">Contacteaz\u0103-ne<\/h2>\t\t\t\t<\/div>\n\t\t\t\t<div class=\"elementor-element elementor-element-f44a4da elementor-widget elementor-widget-text-editor\" data-id=\"f44a4da\" data-element_type=\"widget\" data-widget_type=\"text-editor.default\">\n\t\t\t\t\t\t\t\t\t<p>\u00ce\u021bi dore\u0219ti s\u0103 discut\u0103m despre un proiect sau s\u0103 afli mai multe despre serviciile noastre? Suntem aici s\u0103 \u00ee\u021bi oferim suportul tehnic \u0219i creativ pentru a transforma ideile \u00een solu\u021bii sustenabile.<\/p>\t\t\t\t\t\t\t\t<\/div>\n\t\t\t\t<\/div>\n\t\t\t\t\t<\/div>\n\t\t\t\t<\/div>\n\t\t<div class=\"elementor-element elementor-element-737963a slideup e-flex e-con-boxed e-con e-parent\" data-id=\"737963a\" data-element_type=\"container\" data-settings=\"{&quot;background_background&quot;:&quot;classic&quot;}\">\n\t\t\t\t\t<div class=\"e-con-inner\">\n\t\t<div class=\"elementor-element elementor-element-4e6a95a e-con-full e-flex e-con e-child\" data-id=\"4e6a95a\" data-element_type=\"container\">\n\t\t\t\t<div class=\"elementor-element elementor-element-55797a8 elementor-button-align-start elementor-mobile-button-align-stretch elementor-widget elementor-widget-form\" data-id=\"55797a8\" data-element_type=\"widget\" data-settings=\"{&quot;step_next_label&quot;:&quot;Next&quot;,&quot;step_previous_label&quot;:&quot;Previous&quot;,&quot;button_width_mobile&quot;:&quot;100&quot;,&quot;button_width&quot;:&quot;100&quot;,&quot;step_type&quot;:&quot;number_text&quot;,&quot;step_icon_shape&quot;:&quot;circle&quot;}\" data-widget_type=\"form.default\">\n\t\t\t\t\t\t\t<form class=\"elementor-form\" method=\"post\" id=\"contact_form\" name=\"Contact Form\" aria-label=\"Contact Form\" action=\"\">\n\t\t\t<input type=\"hidden\" name=\"post_id\" value=\"2449\"\/>\n\t\t\t<input type=\"hidden\" name=\"form_id\" value=\"55797a8\"\/>\n\t\t\t<input type=\"hidden\" name=\"referer_title\" value=\"Splendid DEVELOPMENT\" \/>\n\n\t\t\t\n\t\t\t<div class=\"elementor-form-fields-wrapper elementor-labels-above\">\n\t\t\t\t\t\t\t\t<div class=\"elementor-field-type-text elementor-field-group elementor-column elementor-field-group-first_name elementor-col-50 elementor-field-required\">\n\t\t\t\t\t\t\t\t\t\t\t\t<label for=\"form-field-first_name\" class=\"elementor-field-label\">\n\t\t\t\t\t\t\t\tPrenume\t\t\t\t\t\t\t<\/label>\n\t\t\t\t\t\t\t\t\t\t\t\t\t\t<input size=\"1\" type=\"text\" name=\"form_fields[first_name]\" id=\"form-field-first_name\" class=\"elementor-field elementor-size-sm  elementor-field-textual\" placeholder=\"Prenume\" required=\"required\">\n\t\t\t\t\t\t\t\t\t\t\t<\/div>\n\t\t\t\t\t\t\t\t<div class=\"elementor-field-type-text elementor-field-group elementor-column elementor-field-group-last_name elementor-col-50 elementor-field-required\">\n\t\t\t\t\t\t\t\t\t\t\t\t<label for=\"form-field-last_name\" class=\"elementor-field-label\">\n\t\t\t\t\t\t\t\tNume\t\t\t\t\t\t\t<\/label>\n\t\t\t\t\t\t\t\t\t\t\t\t\t\t<input size=\"1\" type=\"text\" name=\"form_fields[last_name]\" id=\"form-field-last_name\" class=\"elementor-field elementor-size-sm  elementor-field-textual\" placeholder=\"Nume\" required=\"required\">\n\t\t\t\t\t\t\t\t\t\t\t<\/div>\n\t\t\t\t\t\t\t\t<div class=\"elementor-field-type-email elementor-field-group elementor-column elementor-field-group-email elementor-col-50 elementor-field-required\">\n\t\t\t\t\t\t\t\t\t\t\t\t<label for=\"form-field-email\" class=\"elementor-field-label\">\n\t\t\t\t\t\t\t\tAdres\u0103 de email\t\t\t\t\t\t\t<\/label>\n\t\t\t\t\t\t\t\t\t\t\t\t\t\t<input size=\"1\" type=\"email\" name=\"form_fields[email]\" id=\"form-field-email\" class=\"elementor-field elementor-size-sm  elementor-field-textual\" placeholder=\"Adres\u0103 de email\" required=\"required\">\n\t\t\t\t\t\t\t\t\t\t\t<\/div>\n\t\t\t\t\t\t\t\t<div class=\"elementor-field-type-tel elementor-field-group elementor-column elementor-field-group-phone elementor-col-50 elementor-field-required\">\n\t\t\t\t\t\t\t\t\t\t\t\t<label for=\"form-field-phone\" class=\"elementor-field-label\">\n\t\t\t\t\t\t\t\tTelefon\t\t\t\t\t\t\t<\/label>\n\t\t\t\t\t\t\t\t<input size=\"1\" type=\"tel\" name=\"form_fields[phone]\" id=\"form-field-phone\" class=\"elementor-field elementor-size-sm  elementor-field-textual\" placeholder=\"Telefon\" required=\"required\" pattern=\"[0-9()#&amp;+*-=.]+\" title=\"Only numbers and phone characters (#, -, *, etc) are accepted.\">\n\n\t\t\t\t\t\t<\/div>\n\t\t\t\t\t\t\t\t<div class=\"elementor-field-type-textarea elementor-field-group elementor-column elementor-field-group-message elementor-col-100\">\n\t\t\t\t\t\t\t\t\t\t\t\t<label for=\"form-field-message\" class=\"elementor-field-label\">\n\t\t\t\t\t\t\t\tCum te putem ajuta?\t\t\t\t\t\t\t<\/label>\n\t\t\t\t\t\t<textarea class=\"elementor-field-textual elementor-field  elementor-size-sm\" name=\"form_fields[message]\" id=\"form-field-message\" rows=\"4\" placeholder=\"Mesaj\"><\/textarea>\t\t\t\t<\/div>\n\t\t\t\t\t\t\t\t<div class=\"elementor-field-type-acceptance elementor-field-group elementor-column elementor-field-group-acceptance elementor-col-100 elementor-field-required\">\n\t\t\t\t\t\t\t<div class=\"elementor-field-subgroup\">\n\t\t\t<span class=\"elementor-field-option\">\n\t\t\t\t<input type=\"checkbox\" name=\"form_fields[acceptance]\" id=\"form-field-acceptance\" class=\"elementor-field elementor-size-sm  elementor-acceptance-field\" required=\"required\">\n\t\t\t\t<label for=\"form-field-acceptance\">Prin completarea \u0219i trimiterea acestui formular, v\u0103 exprima\u021bi acordul \u00een leg\u0103tur\u0103 cu prelucrarea datelor personale \u00een vederea trimiterii unui r\u0103spuns c\u0103tre mesajul\/solicitarea dumneavoastr\u0103. Pentru mai multe informa\u021bii despre prelucrarea datelor, v\u0103 rug\u0103m s\u0103 accesa\u021bi <a href=\"\/ro\/privacy-policy\/\" target=\"_blank\">Politica de confiden\u021bialitate<\/a>.<\/label>\t\t\t<\/span>\n\t\t<\/div>\n\t\t\t\t\t\t<\/div>\n\t\t\t\t\t\t\t\t<div class=\"elementor-field-group elementor-column elementor-field-type-submit elementor-col-100 e-form__buttons elementor-sm-100\">\n\t\t\t\t\t<button class=\"elementor-button elementor-size-md\" type=\"submit\" id=\"submit-job\">\n\t\t\t\t\t\t<span class=\"elementor-button-content-wrapper\">\n\t\t\t\t\t\t\t\t\t\t\t\t\t\t\t<span class=\"elementor-button-icon\">\n\t\t\t\t\t\t\t\t\t<svg xmlns=\"http:\/\/www.w3.org\/2000\/svg\" width=\"26\" height=\"26\" viewbox=\"0 0 26 26\" fill=\"none\"><path d=\"M1 13L25 13\" stroke=\"white\" stroke-width=\"2\" stroke-linecap=\"round\" stroke-linejoin=\"round\"><\/path><path d=\"M13 0.999999L25 13L13 25\" stroke=\"white\" stroke-width=\"2\" stroke-linecap=\"round\" stroke-linejoin=\"round\"><\/path><\/svg>\t\t\t\t\t\t\t\t\t\t\t\t\t\t\t\t\t<\/span>\n\t\t\t\t\t\t\t\t\t\t\t\t\t\t\t\t\t\t\t\t\t\t<span class=\"elementor-button-text\">Trimite<\/span>\n\t\t\t\t\t\t\t\t\t\t\t\t\t<\/span>\n\t\t\t\t\t<\/button>\n\t\t\t\t<\/div>\n\t\t\t<\/div>\n\t\t<input type=\"hidden\" name=\"trp-form-language\" value=\"ro\"\/><\/form>\n\t\t\t\t\t\t<\/div>\n\t\t\t\t<\/div>\n\t\t<div class=\"elementor-element elementor-element-38909f2 e-con-full e-flex e-con e-child\" data-id=\"38909f2\" data-element_type=\"container\">\n\t\t\t\t<div class=\"elementor-element elementor-element-92dfbd0 elementor-widget elementor-widget-google_maps\" data-id=\"92dfbd0\" data-element_type=\"widget\" data-widget_type=\"google_maps.default\">\n\t\t\t\t\t\t\t<div class=\"elementor-custom-embed\">\n\t\t\t<iframe loading=\"lazy\"\n\t\t\t\t\tsrc=\"https:\/\/maps.google.com\/maps?q=Chimiei%20Bld.%208&#038;t=m&#038;z=14&#038;output=embed&#038;iwloc=near\"\n\t\t\t\t\ttitle=\"Chimiei Bld. 8\"\n\t\t\t\t\taria-label=\"Chimiei Bld. 8\"\n\t\t\t><\/iframe>\n\t\t<\/div>\n\t\t\t\t\t\t<\/div>\n\t\t<div class=\"elementor-element elementor-element-26bbae2 e-con-full e-flex e-con e-child\" data-id=\"26bbae2\" data-element_type=\"container\">\n\t\t\t\t<div class=\"elementor-element elementor-element-c8890af elementor-widget elementor-widget-heading\" data-id=\"c8890af\" data-element_type=\"widget\" data-widget_type=\"heading.default\">\n\t\t\t\t\t<h2 class=\"elementor-heading-title elementor-size-default\"><a href=\"https:\/\/www.google.com\/maps\/dir\/\/Granit+Business+Center,+Bulevardul+Socola+208,+Ia%C8%99i+700268\/@47.1412724,27.5882359,13.75z\/data=!4m8!4m7!1m0!1m5!1m1!1s0x40cafb3231b490e7:0xa1f0865b6ee9dcf3!2m2!1d27.5992257!2d47.1417122?entry=ttu&#038;g_ep=EgoyMDI1MDMxOS4yIKXMDSoASAFQAw%3D%3D\" target=\"_blank\">La Splendid Development,<\/a><\/h2>\t\t\t\t<\/div>\n\t\t\t\t<div class=\"elementor-element elementor-element-b25e6eb elementor-widget elementor-widget-heading\" data-id=\"b25e6eb\" data-element_type=\"widget\" data-widget_type=\"heading.default\">\n\t\t\t\t\t<h2 class=\"elementor-heading-title elementor-size-default\"><a href=\"https:\/\/maps.app.goo.gl\/upV75bM46jnvYLfk6\" target=\"_blank\">Chimiei Blvd. | no 8 | Building C1 | 700291 Iasi | Romania<\/a><\/h2>\t\t\t\t<\/div>\n\t\t\t\t<div class=\"elementor-element elementor-element-44c0727 elementor-widget elementor-widget-heading\" data-id=\"44c0727\" data-element_type=\"widget\" data-widget_type=\"heading.default\">\n\t\t\t\t\t<h2 class=\"elementor-heading-title elementor-size-default\"><a href=\"tel:%20+40%20771632335\">+40 771632335<\/a><\/h2>\t\t\t\t<\/div>\n\t\t\t\t<div class=\"elementor-element elementor-element-5a1c595 elementor-widget elementor-widget-heading\" data-id=\"5a1c595\" data-element_type=\"widget\" data-widget_type=\"heading.default\">\n\t\t\t\t\t<h2 class=\"elementor-heading-title elementor-size-default\"><a href=\"mailto:%20office@splendidromania.ro\">office@splendidromania.ro<\/a><\/h2>\t\t\t\t<\/div>\n\t\t\t\t<\/div>\n\t\t\t\t<\/div>\n\t\t\t\t\t<\/div>\n\t\t\t\t<\/div>\n\t\t\t\t<\/div>","protected":false},"excerpt":{"rendered":"<p>CONTACT Get in touch Thank you for your interest. Our team is ready to discuss your project needs and provide innovative solutions. Splendid Development Chimiei Blvd. | no 8 | Building C1 | 700291 Iasi | Romania +40 771632335 office@splendidromania.ro<\/p>","protected":false},"author":1,"featured_media":0,"parent":0,"menu_order":0,"comment_status":"closed","ping_status":"closed","template":"","meta":{"footnotes":""},"project_type":[],"class_list":["post-2449","page","type-page","status-publish","hentry"],"yoast_head":"<!-- This site is optimized with the Yoast SEO plugin v26.2 - https:\/\/yoast.com\/wordpress\/plugins\/seo\/ -->\n<title>ATC - Splendid DEVELOPMENT<\/title>\n<meta name=\"description\" content=\"Contact Splendid Development for expert engineering and architectural services. Get in touch with our team for sustainable design solutions.\" \/>\n<meta name=\"robots\" content=\"index, follow, max-snippet:-1, max-image-preview:large, max-video-preview:-1\" \/>\n<link rel=\"canonical\" href=\"https:\/\/www.splendidromania.ro\/ro\/atc\/\" \/>\n<meta property=\"og:locale\" content=\"ro_RO\" \/>\n<meta property=\"og:type\" content=\"article\" \/>\n<meta property=\"og:title\" content=\"ATC - Splendid DEVELOPMENT\" \/>\n<meta property=\"og:description\" content=\"Contact Splendid Development for expert engineering and architectural services. Get in touch with our team for sustainable design solutions.\" \/>\n<meta property=\"og:url\" content=\"https:\/\/www.splendidromania.ro\/ro\/atc\/\" \/>\n<meta property=\"og:site_name\" content=\"Splendid DEVELOPMENT\" \/>\n<meta property=\"article:modified_time\" content=\"2026-05-08T13:29:34+00:00\" \/>\n<meta name=\"twitter:card\" content=\"summary_large_image\" \/>\n<meta name=\"twitter:label1\" content=\"Timp estimat pentru citire\" \/>\n\t<meta name=\"twitter:data1\" content=\"1 minut\" \/>\n<script type=\"application\/ld+json\" class=\"yoast-schema-graph\">{\"@context\":\"https:\/\/schema.org\",\"@graph\":[{\"@type\":\"WebPage\",\"@id\":\"https:\/\/www.splendidromania.ro\/atc\/\",\"url\":\"https:\/\/www.splendidromania.ro\/atc\/\",\"name\":\"ATC - Splendid DEVELOPMENT\",\"isPartOf\":{\"@id\":\"https:\/\/www.splendidromania.ro\/en\/#website\"},\"datePublished\":\"2026-05-08T13:29:33+00:00\",\"dateModified\":\"2026-05-08T13:29:34+00:00\",\"description\":\"Contact Splendid Development for expert engineering and architectural services. Get in touch with our team for sustainable design solutions.\",\"breadcrumb\":{\"@id\":\"https:\/\/www.splendidromania.ro\/atc\/#breadcrumb\"},\"inLanguage\":\"ro-RO\",\"potentialAction\":[{\"@type\":\"ReadAction\",\"target\":[\"https:\/\/www.splendidromania.ro\/atc\/\"]}]},{\"@type\":\"BreadcrumbList\",\"@id\":\"https:\/\/www.splendidromania.ro\/atc\/#breadcrumb\",\"itemListElement\":[{\"@type\":\"ListItem\",\"position\":1,\"name\":\"Home\",\"item\":\"https:\/\/www.splendidromania.ro\/en\/\"},{\"@type\":\"ListItem\",\"position\":2,\"name\":\"ATC\"}]},{\"@type\":\"WebSite\",\"@id\":\"https:\/\/www.splendidromania.ro\/en\/#website\",\"url\":\"https:\/\/www.splendidromania.ro\/en\/\",\"name\":\"Splendid DEVELOPMENT\",\"description\":\"Led by customer experience\",\"publisher\":{\"@id\":\"https:\/\/www.splendidromania.ro\/en\/#organization\"},\"potentialAction\":[{\"@type\":\"SearchAction\",\"target\":{\"@type\":\"EntryPoint\",\"urlTemplate\":\"https:\/\/www.splendidromania.ro\/en\/?s={search_term_string}\"},\"query-input\":{\"@type\":\"PropertyValueSpecification\",\"valueRequired\":true,\"valueName\":\"search_term_string\"}}],\"inLanguage\":\"ro-RO\"},{\"@type\":\"Organization\",\"@id\":\"https:\/\/www.splendidromania.ro\/en\/#organization\",\"name\":\"Splendid DEVELOPMENT\",\"url\":\"https:\/\/www.splendidromania.ro\/en\/\",\"logo\":{\"@type\":\"ImageObject\",\"inLanguage\":\"ro-RO\",\"@id\":\"https:\/\/www.splendidromania.ro\/en\/#\/schema\/logo\/image\/\",\"url\":\"https:\/\/www.splendidromania.ro\/wp-content\/uploads\/2025\/03\/logo-b.svg\",\"contentUrl\":\"https:\/\/www.splendidromania.ro\/wp-content\/uploads\/2025\/03\/logo-b.svg\",\"width\":228,\"height\":74,\"caption\":\"Splendid DEVELOPMENT\"},\"image\":{\"@id\":\"https:\/\/www.splendidromania.ro\/en\/#\/schema\/logo\/image\/\"},\"sameAs\":[\"https:\/\/www.linkedin.com\/company\/splendid-development\/\"]}]}<\/script>\n<!-- \/ Yoast SEO plugin. -->","yoast_head_json":{"title":"ATC - Splendid DEVELOPMENT","description":"Contact Splendid Development for expert engineering and architectural services. Get in touch with our team for sustainable design solutions.","robots":{"index":"index","follow":"follow","max-snippet":"max-snippet:-1","max-image-preview":"max-image-preview:large","max-video-preview":"max-video-preview:-1"},"canonical":"https:\/\/www.splendidromania.ro\/ro\/atc\/","og_locale":"ro_RO","og_type":"article","og_title":"ATC - Splendid DEVELOPMENT","og_description":"Contact Splendid Development for expert engineering and architectural services. Get in touch with our team for sustainable design solutions.","og_url":"https:\/\/www.splendidromania.ro\/ro\/atc\/","og_site_name":"Splendid DEVELOPMENT","article_modified_time":"2026-05-08T13:29:34+00:00","twitter_card":"summary_large_image","twitter_misc":{"Timp estimat pentru citire":"1 minut"},"schema":{"@context":"https:\/\/schema.org","@graph":[{"@type":"WebPage","@id":"https:\/\/www.splendidromania.ro\/atc\/","url":"https:\/\/www.splendidromania.ro\/atc\/","name":"ATC - Splendid DEVELOPMENT","isPartOf":{"@id":"https:\/\/www.splendidromania.ro\/en\/#website"},"datePublished":"2026-05-08T13:29:33+00:00","dateModified":"2026-05-08T13:29:34+00:00","description":"Contact Splendid Development for expert engineering and architectural services. Get in touch with our team for sustainable design solutions.","breadcrumb":{"@id":"https:\/\/www.splendidromania.ro\/atc\/#breadcrumb"},"inLanguage":"ro-RO","potentialAction":[{"@type":"ReadAction","target":["https:\/\/www.splendidromania.ro\/atc\/"]}]},{"@type":"BreadcrumbList","@id":"https:\/\/www.splendidromania.ro\/atc\/#breadcrumb","itemListElement":[{"@type":"ListItem","position":1,"name":"Home","item":"https:\/\/www.splendidromania.ro\/en\/"},{"@type":"ListItem","position":2,"name":"ATC"}]},{"@type":"WebSite","@id":"https:\/\/www.splendidromania.ro\/en\/#website","url":"https:\/\/www.splendidromania.ro\/en\/","name":"Splendid DEVELOPMENT","description":"Led by customer experience","publisher":{"@id":"https:\/\/www.splendidromania.ro\/en\/#organization"},"potentialAction":[{"@type":"SearchAction","target":{"@type":"EntryPoint","urlTemplate":"https:\/\/www.splendidromania.ro\/en\/?s={search_term_string}"},"query-input":{"@type":"PropertyValueSpecification","valueRequired":true,"valueName":"search_term_string"}}],"inLanguage":"ro-RO"},{"@type":"Organization","@id":"https:\/\/www.splendidromania.ro\/en\/#organization","name":"Splendid DEVELOPMENT","url":"https:\/\/www.splendidromania.ro\/en\/","logo":{"@type":"ImageObject","inLanguage":"ro-RO","@id":"https:\/\/www.splendidromania.ro\/en\/#\/schema\/logo\/image\/","url":"https:\/\/www.splendidromania.ro\/wp-content\/uploads\/2025\/03\/logo-b.svg","contentUrl":"https:\/\/www.splendidromania.ro\/wp-content\/uploads\/2025\/03\/logo-b.svg","width":228,"height":74,"caption":"Splendid DEVELOPMENT"},"image":{"@id":"https:\/\/www.splendidromania.ro\/en\/#\/schema\/logo\/image\/"},"sameAs":["https:\/\/www.linkedin.com\/company\/splendid-development\/"]}]}},"_links":{"self":[{"href":"https:\/\/www.splendidromania.ro\/ro\/wp-json\/wp\/v2\/pages\/2449","targetHints":{"allow":["GET"]}}],"collection":[{"href":"https:\/\/www.splendidromania.ro\/ro\/wp-json\/wp\/v2\/pages"}],"about":[{"href":"https:\/\/www.splendidromania.ro\/ro\/wp-json\/wp\/v2\/types\/page"}],"author":[{"embeddable":true,"href":"https:\/\/www.splendidromania.ro\/ro\/wp-json\/wp\/v2\/users\/1"}],"replies":[{"embeddable":true,"href":"https:\/\/www.splendidromania.ro\/ro\/wp-json\/wp\/v2\/comments?post=2449"}],"version-history":[{"count":2,"href":"https:\/\/www.splendidromania.ro\/ro\/wp-json\/wp\/v2\/pages\/2449\/revisions"}],"predecessor-version":[{"id":2451,"href":"https:\/\/www.splendidromania.ro\/ro\/wp-json\/wp\/v2\/pages\/2449\/revisions\/2451"}],"wp:attachment":[{"href":"https:\/\/www.splendidromania.ro\/ro\/wp-json\/wp\/v2\/media?parent=2449"}],"wp:term":[{"taxonomy":"project_type","embeddable":true,"href":"https:\/\/www.splendidromania.ro\/ro\/wp-json\/wp\/v2\/project_type?post=2449"}],"curies":[{"name":"wp","href":"https:\/\/api.w.org\/{rel}","templated":true}]}}