{"id":2372,"date":"2026-01-13T12:02:53","date_gmt":"2026-01-13T10:02:53","guid":{"rendered":"https:\/\/www.splendidromania.ro\/?page_id=2372"},"modified":"2026-01-13T16:03:02","modified_gmt":"2026-01-13T14:03:02","slug":"rebarbot","status":"publish","type":"page","link":"https:\/\/www.splendidromania.ro\/en\/home\/finantare\/rebarbot\/","title":{"rendered":"RebarBOT"},"content":{"rendered":"\t\t<div data-elementor-type=\"wp-page\" data-elementor-id=\"2372\" class=\"elementor elementor-2372\" data-elementor-post-type=\"page\">\n\t\t\t\t<div class=\"elementor-element elementor-element-2eaade8 e-flex e-con-boxed e-con e-parent\" data-id=\"2eaade8\" data-element_type=\"container\">\n\t\t\t\t\t<div class=\"e-con-inner\">\n\t\t<div class=\"elementor-element elementor-element-d77dd35 e-con-full e-flex e-con e-child\" data-id=\"d77dd35\" data-element_type=\"container\">\n\t\t\t\t<\/div>\n\t\t\t\t\t<\/div>\n\t\t\t\t<\/div>\n\t\t<div class=\"elementor-element elementor-element-29e4bcd e-flex e-con-boxed e-con e-parent\" data-id=\"29e4bcd\" data-element_type=\"container\">\n\t\t\t\t\t<div class=\"e-con-inner\">\n\t\t<div class=\"elementor-element elementor-element-ea334d5 e-con-full e-flex e-con e-child\" data-id=\"ea334d5\" data-element_type=\"container\">\n\t\t\t\t<div class=\"elementor-element elementor-element-4fd3d6d elementor-widget elementor-widget-image\" data-id=\"4fd3d6d\" data-element_type=\"widget\" data-widget_type=\"image.default\">\n\t\t\t\t\t\t\t\t\t\t\t\t\t\t\t\t<a href=\"https:\/\/european-union.europa.eu\/live-work-study\/funding-grants-subsidies_ro\" target=\"_blank\">\n\t\t\t\t\t\t\t<img fetchpriority=\"high\" decoding=\"async\" width=\"2560\" height=\"537\" src=\"https:\/\/www.splendidromania.ro\/wp-content\/uploads\/2025\/06\/UE-scaled.png\" class=\"attachment-full size-full wp-image-2306\" alt=\"\" srcset=\"https:\/\/www.splendidromania.ro\/wp-content\/uploads\/2025\/06\/UE-scaled.png 2560w, https:\/\/www.splendidromania.ro\/wp-content\/uploads\/2025\/06\/UE-300x63.png 300w, https:\/\/www.splendidromania.ro\/wp-content\/uploads\/2025\/06\/UE-1024x215.png 1024w, https:\/\/www.splendidromania.ro\/wp-content\/uploads\/2025\/06\/UE-768x161.png 768w, https:\/\/www.splendidromania.ro\/wp-content\/uploads\/2025\/06\/UE-1536x322.png 1536w, https:\/\/www.splendidromania.ro\/wp-content\/uploads\/2025\/06\/UE-2048x429.png 2048w, https:\/\/www.splendidromania.ro\/wp-content\/uploads\/2025\/06\/UE-18x4.png 18w\" sizes=\"(max-width: 2560px) 100vw, 2560px\" \/>\t\t\t\t\t\t\t\t<\/a>\n\t\t\t\t\t\t\t\t\t\t\t\t\t\t\t<\/div>\n\t\t\t\t<div class=\"elementor-element elementor-element-4f9dafd elementor-widget elementor-widget-image\" data-id=\"4f9dafd\" data-element_type=\"widget\" data-widget_type=\"image.default\">\n\t\t\t\t\t\t\t\t\t\t\t\t\t\t\t\t<a href=\"https:\/\/regionordest.ro\/\" target=\"_blank\">\n\t\t\t\t\t\t\t<img decoding=\"async\" width=\"1182\" height=\"626\" src=\"https:\/\/www.splendidromania.ro\/wp-content\/uploads\/2025\/11\/REGIO-NE-SGL-CMYK.jpg\" class=\"attachment-full size-full wp-image-2364\" alt=\"\" srcset=\"https:\/\/www.splendidromania.ro\/wp-content\/uploads\/2025\/11\/REGIO-NE-SGL-CMYK.jpg 1182w, https:\/\/www.splendidromania.ro\/wp-content\/uploads\/2025\/11\/REGIO-NE-SGL-CMYK-300x159.jpg 300w, https:\/\/www.splendidromania.ro\/wp-content\/uploads\/2025\/11\/REGIO-NE-SGL-CMYK-1024x542.jpg 1024w, https:\/\/www.splendidromania.ro\/wp-content\/uploads\/2025\/11\/REGIO-NE-SGL-CMYK-768x407.jpg 768w, https:\/\/www.splendidromania.ro\/wp-content\/uploads\/2025\/11\/REGIO-NE-SGL-CMYK-18x10.jpg 18w\" sizes=\"(max-width: 1182px) 100vw, 1182px\" \/>\t\t\t\t\t\t\t\t<\/a>\n\t\t\t\t\t\t\t\t\t\t\t\t\t\t\t<\/div>\n\t\t\t\t<div class=\"elementor-element elementor-element-1f4e9e3 elementor-widget elementor-widget-image\" data-id=\"1f4e9e3\" data-element_type=\"widget\" data-widget_type=\"image.default\">\n\t\t\t\t\t\t\t\t\t\t\t\t\t\t\t\t<a href=\"https:\/\/www.gov.ro\/\" target=\"_blank\">\n\t\t\t\t\t\t\t<img decoding=\"async\" width=\"500\" height=\"500\" src=\"https:\/\/www.splendidromania.ro\/wp-content\/uploads\/2025\/03\/sigla_guv_coroana_albastru.png\" class=\"attachment-full size-full wp-image-1837\" alt=\"\" srcset=\"https:\/\/www.splendidromania.ro\/wp-content\/uploads\/2025\/03\/sigla_guv_coroana_albastru.png 500w, https:\/\/www.splendidromania.ro\/wp-content\/uploads\/2025\/03\/elementor\/thumbs\/sigla_guv_coroana_albastru-r4472if4xmv9farg9tl0i5wmyyx8qed5ur52r10jaw.png 300w, https:\/\/www.splendidromania.ro\/wp-content\/uploads\/2025\/03\/elementor\/thumbs\/sigla_guv_coroana_albastru-r4472if33uom0aiunga9c1n3eylsqrjl129bixap98.png 150w\" sizes=\"(max-width: 500px) 100vw, 500px\" \/>\t\t\t\t\t\t\t\t<\/a>\n\t\t\t\t\t\t\t\t\t\t\t\t\t\t\t<\/div>\n\t\t\t\t<div class=\"elementor-element elementor-element-3847ead elementor-widget elementor-widget-image\" data-id=\"3847ead\" data-element_type=\"widget\" data-widget_type=\"image.default\">\n\t\t\t\t\t\t\t\t\t\t\t\t\t\t\t\t<a href=\"https:\/\/www.adrnordest.ro\/\" target=\"_blank\">\n\t\t\t\t\t\t\t<img loading=\"lazy\" decoding=\"async\" width=\"1920\" height=\"1082\" src=\"https:\/\/www.splendidromania.ro\/wp-content\/uploads\/2025\/03\/Logo-ADR-Nord-Est.jpg\" class=\"attachment-full size-full wp-image-1838\" alt=\"\" srcset=\"https:\/\/www.splendidromania.ro\/wp-content\/uploads\/2025\/03\/Logo-ADR-Nord-Est.jpg 1920w, https:\/\/www.splendidromania.ro\/wp-content\/uploads\/2025\/03\/Logo-ADR-Nord-Est-300x169.jpg 300w, https:\/\/www.splendidromania.ro\/wp-content\/uploads\/2025\/03\/Logo-ADR-Nord-Est-1024x577.jpg 1024w, https:\/\/www.splendidromania.ro\/wp-content\/uploads\/2025\/03\/Logo-ADR-Nord-Est-768x433.jpg 768w, https:\/\/www.splendidromania.ro\/wp-content\/uploads\/2025\/03\/Logo-ADR-Nord-Est-1536x866.jpg 1536w\" sizes=\"(max-width: 1920px) 100vw, 1920px\" \/>\t\t\t\t\t\t\t\t<\/a>\n\t\t\t\t\t\t\t\t\t\t\t\t\t\t\t<\/div>\n\t\t\t\t<\/div>\n\t\t\t\t<div class=\"elementor-element elementor-element-654154d elementor-widget elementor-widget-text-editor\" data-id=\"654154d\" data-element_type=\"widget\" data-widget_type=\"text-editor.default\">\n\t\t\t\t\t\t\t\t\t<h2>\u00a0<\/h2><h2><b>Scurta descriere a proiectului intitulat<\/b><\/h2><h2><b>RebarBOT<\/b><\/h2>\t\t\t\t\t\t\t\t<\/div>\n\t\t\t\t<div class=\"elementor-element elementor-element-1e3401c elementor-widget elementor-widget-text-editor\" data-id=\"1e3401c\" data-element_type=\"widget\" data-widget_type=\"text-editor.default\">\n\t\t\t\t\t\t\t\t\t<p><b>SPLENDID DEVELOPMENT S.R.L.<\/b>, \u00een calitate de beneficiar, anun\u021b\u0103 demararea implement\u0103rii proiectului: \u201dRebarBOT\u201d, cu COD SMIS <u>344189<\/u>, finan\u021bat din Programul Regional Nord-Est 2021-2027, Prioritatea 1 \u201eO regiune mai competitiv\u0103, mai inovativ\u0103\u201d, Apel: Sprijin pentru dezvoltarea capacit\u0103\u021bii de inovare a IMM, prin proiecte demonstrative ale IMM proof-of-concept.<\/p><p>Proiectul se implementeaz\u0103 \u00een perioada\u00a0 21.11.2025 &#8211; 20.05.2027, \u00een jude\u021bul Ia\u0219i, Municipiul Ia\u0219i, B-dul. Socola nr. 206A-208, SPATIILE S1+S2+S3+S4, etaj 7.<\/p><p><b>Autoritatea de Management<\/b> este Agen\u021bia pentru Dezvoltare Regional\u0103 Nord-Est.<\/p><p><b>Obiectivul general<\/b> al proiectului este demonstrarea fezabilit\u0103\u021bii conceptului aplicatiei de generare a planselor de armare RebarBOT, prin dezvoltarea unui model conceptual inovativ prin aplicarea unei tehnologii validat\u0103 \u00een laborator (TRL 4), integrand cercet\u0103rile validate la nivel TRL3.<\/p><p><b>Obiectivele specifice<\/b> ale proiectului<\/p><p><b>O1.<\/b> Dezvoltarea unui concept de aplicatie \u00ab RebarBOT \u00bb, pentru a automatizarea generarii de plan\u0219e de armare 2D folosind ca date de intrare modele BIM (Building Information Model). Acest concept de aplicatie trebuie validat la nivel TRL 4, in termen de 14 luni de la demararea implement\u0103rii.<\/p><p><b>O2.<\/b> Un concept de aplicatie RebarBOT evoluat \u0219i testat la nivel de TRL 4, in termen de 12 luni de la demararea implement\u0103rii.<\/p><p><b>O3.<\/b> Un concept de aplicatie RebarBOT evoluat \u0219i testat la nivel de TRL 5, in termen de 14 luni de la demararea implement\u0103rii.<\/p><p>Proiectul are o valoare total\u0103 de 1.190.268,71 lei, din care finan\u021barea\u00a0 nerambursabil\u0103 este de 850.150,44 lei, din care FEDR 722.627,87 lei \u0219i buget de stat 127.522,57 lei.<\/p><ul><li>Rezultatele urm\u0103rite \u00een cadrul proiectului sunt:<\/li><li>Demonstrarea \u0219i validarea modelului TRL 5<\/li><li>Concept aplica\u021bie RebarBOT la TRL 5<\/li><li>Echipamente si programe software pentru activitatea din proiect.<\/li><li>Raport de validare a aplica\u021biei la nivel TRL 4<\/li><li>Aplica\u021bia RebarBot dezvoltat\u0103 ca agent de inteligen\u021b\u0103 artificial\u0103 &#8211; faza de model TRL4<\/li><\/ul><p>Datele de contact: manager de proiect:\u00a0<\/p><p><b>P\u0103s\u0103ric\u0103 Alexandru-Ionu\u021b, tel.: +40 746 060 454,\u00a0 e-mail: office@splendidromania.ro<\/b>.<\/p><p>Pentru informa\u021bii detaliate despre Programul Regional Nord-Est 2021-2027, v\u0103 invit\u0103m s\u0103 vizita\u021bi\u00a0<a href=\"https:\/\/www.regionordest.ro\/\">https:\/\/www.regionordest.ro\/<\/a>\u00a0\u0219i\u00a0<a href=\"https:\/\/www.adrnordest.ro\/\">https:\/\/www.adrnordest.ro\/<\/a>, iar despre celelalte programe cofinan\u021bate de Uniunea European\u0103, pute\u021bi accesa\u00a0<a href=\"https:\/\/mfe.gov.ro\/\">https:\/\/mfe.gov.ro<\/a><\/p>\t\t\t\t\t\t\t\t<\/div>\n\t\t<div class=\"elementor-element elementor-element-7d679bb e-con-full e-flex e-con e-child\" data-id=\"7d679bb\" data-element_type=\"container\">\n\t\t\t\t<div class=\"elementor-element elementor-element-7bf2b36 elementor-widget elementor-widget-image\" data-id=\"7bf2b36\" data-element_type=\"widget\" data-widget_type=\"image.default\">\n\t\t\t\t\t\t\t\t\t\t\t\t\t\t\t<img loading=\"lazy\" decoding=\"async\" width=\"228\" height=\"74\" src=\"https:\/\/www.splendidromania.ro\/wp-content\/uploads\/2025\/03\/logo-b.svg\" class=\"attachment-full size-full wp-image-21\" alt=\"\" \/>\t\t\t\t\t\t\t\t\t\t\t\t\t\t\t<\/div>\n\t\t\t\t<div class=\"elementor-element elementor-element-ebe7e96 elementor-widget elementor-widget-image\" data-id=\"ebe7e96\" data-element_type=\"widget\" data-widget_type=\"image.default\">\n\t\t\t\t\t\t\t\t\t\t\t\t\t\t\t\t<a href=\"https:\/\/www.adrnordest.ro\/\" target=\"_blank\">\n\t\t\t\t\t\t\t<img loading=\"lazy\" decoding=\"async\" width=\"555\" height=\"86\" src=\"https:\/\/www.splendidromania.ro\/wp-content\/uploads\/2025\/06\/Nordeste.png\" class=\"attachment-full size-full wp-image-2307\" alt=\"\" srcset=\"https:\/\/www.splendidromania.ro\/wp-content\/uploads\/2025\/06\/Nordeste.png 555w, https:\/\/www.splendidromania.ro\/wp-content\/uploads\/2025\/06\/Nordeste-300x46.png 300w, https:\/\/www.splendidromania.ro\/wp-content\/uploads\/2025\/06\/Nordeste-18x3.png 18w\" sizes=\"(max-width: 555px) 100vw, 555px\" \/>\t\t\t\t\t\t\t\t<\/a>\n\t\t\t\t\t\t\t\t\t\t\t\t\t\t\t<\/div>\n\t\t\t\t<\/div>\n\t\t\t\t\t<\/div>\n\t\t\t\t<\/div>\n\t\t\t\t<\/div>\n\t\t","protected":false},"excerpt":{"rendered":"<p>\u00a0 Scurta descriere a proiectului intitulat RebarBOT SPLENDID DEVELOPMENT S.R.L., \u00een calitate de beneficiar, anun\u021b\u0103 demararea implement\u0103rii proiectului: \u201dRebarBOT\u201d, cu COD SMIS 344189, finan\u021bat din Programul Regional Nord-Est 2021-2027, Prioritatea 1 \u201eO regiune mai competitiv\u0103, mai inovativ\u0103\u201d, Apel: Sprijin pentru dezvoltarea capacit\u0103\u021bii de inovare a IMM, prin proiecte demonstrative ale IMM proof-of-concept. Proiectul se implementeaz\u0103 [&hellip;]<\/p>\n","protected":false},"author":1,"featured_media":0,"parent":2374,"menu_order":0,"comment_status":"closed","ping_status":"closed","template":"","meta":{"footnotes":""},"project_type":[],"class_list":["post-2372","page","type-page","status-publish","hentry"],"yoast_head":"<!-- This site is optimized with the Yoast SEO plugin v26.2 - https:\/\/yoast.com\/wordpress\/plugins\/seo\/ -->\n<title>RebarBOT - Splendid DEVELOPMENT<\/title>\n<meta name=\"description\" content=\"Proiect Transformare Digital\u0103\" \/>\n<meta name=\"robots\" content=\"index, follow, max-snippet:-1, max-image-preview:large, max-video-preview:-1\" \/>\n<link rel=\"canonical\" href=\"https:\/\/www.splendidromania.ro\/en\/home\/finantare\/rebarbot\/\" \/>\n<meta property=\"og:locale\" content=\"en_US\" \/>\n<meta property=\"og:type\" content=\"article\" \/>\n<meta property=\"og:title\" content=\"RebarBOT - Splendid DEVELOPMENT\" \/>\n<meta property=\"og:description\" content=\"Proiect Transformare Digital\u0103\" \/>\n<meta property=\"og:url\" content=\"https:\/\/www.splendidromania.ro\/en\/home\/finantare\/rebarbot\/\" \/>\n<meta property=\"og:site_name\" content=\"Splendid DEVELOPMENT\" \/>\n<meta property=\"article:modified_time\" content=\"2026-01-13T14:03:02+00:00\" \/>\n<meta property=\"og:image\" content=\"https:\/\/www.splendidromania.ro\/wp-content\/uploads\/2025\/06\/UE-scaled.png\" \/>\n<meta name=\"twitter:card\" content=\"summary_large_image\" \/>\n<meta name=\"twitter:label1\" content=\"Est. reading time\" \/>\n\t<meta name=\"twitter:data1\" content=\"3 minutes\" \/>\n<script type=\"application\/ld+json\" class=\"yoast-schema-graph\">{\"@context\":\"https:\/\/schema.org\",\"@graph\":[{\"@type\":\"WebPage\",\"@id\":\"https:\/\/www.splendidromania.ro\/ro\/home\/finantare\/rebarbot\/\",\"url\":\"https:\/\/www.splendidromania.ro\/ro\/home\/finantare\/rebarbot\/\",\"name\":\"RebarBOT - Splendid DEVELOPMENT\",\"isPartOf\":{\"@id\":\"https:\/\/www.splendidromania.ro\/en\/#website\"},\"primaryImageOfPage\":{\"@id\":\"https:\/\/www.splendidromania.ro\/ro\/home\/finantare\/rebarbot\/#primaryimage\"},\"image\":{\"@id\":\"https:\/\/www.splendidromania.ro\/ro\/home\/finantare\/rebarbot\/#primaryimage\"},\"thumbnailUrl\":\"https:\/\/www.splendidromania.ro\/wp-content\/uploads\/2025\/06\/UE-scaled.png\",\"datePublished\":\"2026-01-13T10:02:53+00:00\",\"dateModified\":\"2026-01-13T14:03:02+00:00\",\"description\":\"Proiect Transformare Digital\u0103\",\"breadcrumb\":{\"@id\":\"https:\/\/www.splendidromania.ro\/ro\/home\/finantare\/rebarbot\/#breadcrumb\"},\"inLanguage\":\"en-US\",\"potentialAction\":[{\"@type\":\"ReadAction\",\"target\":[\"https:\/\/www.splendidromania.ro\/ro\/home\/finantare\/rebarbot\/\"]}]},{\"@type\":\"ImageObject\",\"inLanguage\":\"en-US\",\"@id\":\"https:\/\/www.splendidromania.ro\/ro\/home\/finantare\/rebarbot\/#primaryimage\",\"url\":\"https:\/\/www.splendidromania.ro\/wp-content\/uploads\/2025\/06\/UE-scaled.png\",\"contentUrl\":\"https:\/\/www.splendidromania.ro\/wp-content\/uploads\/2025\/06\/UE-scaled.png\"},{\"@type\":\"BreadcrumbList\",\"@id\":\"https:\/\/www.splendidromania.ro\/ro\/home\/finantare\/rebarbot\/#breadcrumb\",\"itemListElement\":[{\"@type\":\"ListItem\",\"position\":1,\"name\":\"Home\",\"item\":\"https:\/\/www.splendidromania.ro\/en\/\"},{\"@type\":\"ListItem\",\"position\":2,\"name\":\"Home\",\"item\":\"https:\/\/www.splendidromania.ro\/en\/\"},{\"@type\":\"ListItem\",\"position\":3,\"name\":\"Finantare\",\"item\":\"https:\/\/www.splendidromania.ro\/ro\/home\/finantare\/\"},{\"@type\":\"ListItem\",\"position\":4,\"name\":\"RebarBOT\"}]},{\"@type\":\"WebSite\",\"@id\":\"https:\/\/www.splendidromania.ro\/en\/#website\",\"url\":\"https:\/\/www.splendidromania.ro\/en\/\",\"name\":\"Splendid DEVELOPMENT\",\"description\":\"Led by customer experience\",\"publisher\":{\"@id\":\"https:\/\/www.splendidromania.ro\/en\/#organization\"},\"potentialAction\":[{\"@type\":\"SearchAction\",\"target\":{\"@type\":\"EntryPoint\",\"urlTemplate\":\"https:\/\/www.splendidromania.ro\/en\/?s={search_term_string}\"},\"query-input\":{\"@type\":\"PropertyValueSpecification\",\"valueRequired\":true,\"valueName\":\"search_term_string\"}}],\"inLanguage\":\"en-US\"},{\"@type\":\"Organization\",\"@id\":\"https:\/\/www.splendidromania.ro\/en\/#organization\",\"name\":\"Splendid DEVELOPMENT\",\"url\":\"https:\/\/www.splendidromania.ro\/en\/\",\"logo\":{\"@type\":\"ImageObject\",\"inLanguage\":\"en-US\",\"@id\":\"https:\/\/www.splendidromania.ro\/en\/#\/schema\/logo\/image\/\",\"url\":\"https:\/\/www.splendidromania.ro\/wp-content\/uploads\/2025\/03\/logo-b.svg\",\"contentUrl\":\"https:\/\/www.splendidromania.ro\/wp-content\/uploads\/2025\/03\/logo-b.svg\",\"width\":228,\"height\":74,\"caption\":\"Splendid DEVELOPMENT\"},\"image\":{\"@id\":\"https:\/\/www.splendidromania.ro\/en\/#\/schema\/logo\/image\/\"},\"sameAs\":[\"https:\/\/www.linkedin.com\/company\/splendid-development\/\"]}]}<\/script>\n<!-- \/ Yoast SEO plugin. -->","yoast_head_json":{"title":"RebarBOT - Splendid DEVELOPMENT","description":"Proiect Transformare Digital\u0103","robots":{"index":"index","follow":"follow","max-snippet":"max-snippet:-1","max-image-preview":"max-image-preview:large","max-video-preview":"max-video-preview:-1"},"canonical":"https:\/\/www.splendidromania.ro\/en\/home\/finantare\/rebarbot\/","og_locale":"en_US","og_type":"article","og_title":"RebarBOT - Splendid DEVELOPMENT","og_description":"Proiect Transformare Digital\u0103","og_url":"https:\/\/www.splendidromania.ro\/en\/home\/finantare\/rebarbot\/","og_site_name":"Splendid DEVELOPMENT","article_modified_time":"2026-01-13T14:03:02+00:00","og_image":[{"url":"https:\/\/www.splendidromania.ro\/wp-content\/uploads\/2025\/06\/UE-scaled.png","type":"","width":"","height":""}],"twitter_card":"summary_large_image","twitter_misc":{"Est. reading time":"3 minutes"},"schema":{"@context":"https:\/\/schema.org","@graph":[{"@type":"WebPage","@id":"https:\/\/www.splendidromania.ro\/ro\/home\/finantare\/rebarbot\/","url":"https:\/\/www.splendidromania.ro\/ro\/home\/finantare\/rebarbot\/","name":"RebarBOT - Splendid DEVELOPMENT","isPartOf":{"@id":"https:\/\/www.splendidromania.ro\/en\/#website"},"primaryImageOfPage":{"@id":"https:\/\/www.splendidromania.ro\/ro\/home\/finantare\/rebarbot\/#primaryimage"},"image":{"@id":"https:\/\/www.splendidromania.ro\/ro\/home\/finantare\/rebarbot\/#primaryimage"},"thumbnailUrl":"https:\/\/www.splendidromania.ro\/wp-content\/uploads\/2025\/06\/UE-scaled.png","datePublished":"2026-01-13T10:02:53+00:00","dateModified":"2026-01-13T14:03:02+00:00","description":"Proiect Transformare Digital\u0103","breadcrumb":{"@id":"https:\/\/www.splendidromania.ro\/ro\/home\/finantare\/rebarbot\/#breadcrumb"},"inLanguage":"en-US","potentialAction":[{"@type":"ReadAction","target":["https:\/\/www.splendidromania.ro\/ro\/home\/finantare\/rebarbot\/"]}]},{"@type":"ImageObject","inLanguage":"en-US","@id":"https:\/\/www.splendidromania.ro\/ro\/home\/finantare\/rebarbot\/#primaryimage","url":"https:\/\/www.splendidromania.ro\/wp-content\/uploads\/2025\/06\/UE-scaled.png","contentUrl":"https:\/\/www.splendidromania.ro\/wp-content\/uploads\/2025\/06\/UE-scaled.png"},{"@type":"BreadcrumbList","@id":"https:\/\/www.splendidromania.ro\/ro\/home\/finantare\/rebarbot\/#breadcrumb","itemListElement":[{"@type":"ListItem","position":1,"name":"Home","item":"https:\/\/www.splendidromania.ro\/en\/"},{"@type":"ListItem","position":2,"name":"Home","item":"https:\/\/www.splendidromania.ro\/en\/"},{"@type":"ListItem","position":3,"name":"Finantare","item":"https:\/\/www.splendidromania.ro\/ro\/home\/finantare\/"},{"@type":"ListItem","position":4,"name":"RebarBOT"}]},{"@type":"WebSite","@id":"https:\/\/www.splendidromania.ro\/en\/#website","url":"https:\/\/www.splendidromania.ro\/en\/","name":"Splendid DEVELOPMENT","description":"Led by customer experience","publisher":{"@id":"https:\/\/www.splendidromania.ro\/en\/#organization"},"potentialAction":[{"@type":"SearchAction","target":{"@type":"EntryPoint","urlTemplate":"https:\/\/www.splendidromania.ro\/en\/?s={search_term_string}"},"query-input":{"@type":"PropertyValueSpecification","valueRequired":true,"valueName":"search_term_string"}}],"inLanguage":"en-US"},{"@type":"Organization","@id":"https:\/\/www.splendidromania.ro\/en\/#organization","name":"Splendid DEVELOPMENT","url":"https:\/\/www.splendidromania.ro\/en\/","logo":{"@type":"ImageObject","inLanguage":"en-US","@id":"https:\/\/www.splendidromania.ro\/en\/#\/schema\/logo\/image\/","url":"https:\/\/www.splendidromania.ro\/wp-content\/uploads\/2025\/03\/logo-b.svg","contentUrl":"https:\/\/www.splendidromania.ro\/wp-content\/uploads\/2025\/03\/logo-b.svg","width":228,"height":74,"caption":"Splendid DEVELOPMENT"},"image":{"@id":"https:\/\/www.splendidromania.ro\/en\/#\/schema\/logo\/image\/"},"sameAs":["https:\/\/www.linkedin.com\/company\/splendid-development\/"]}]}},"_links":{"self":[{"href":"https:\/\/www.splendidromania.ro\/en\/wp-json\/wp\/v2\/pages\/2372","targetHints":{"allow":["GET"]}}],"collection":[{"href":"https:\/\/www.splendidromania.ro\/en\/wp-json\/wp\/v2\/pages"}],"about":[{"href":"https:\/\/www.splendidromania.ro\/en\/wp-json\/wp\/v2\/types\/page"}],"author":[{"embeddable":true,"href":"https:\/\/www.splendidromania.ro\/en\/wp-json\/wp\/v2\/users\/1"}],"replies":[{"embeddable":true,"href":"https:\/\/www.splendidromania.ro\/en\/wp-json\/wp\/v2\/comments?post=2372"}],"version-history":[{"count":14,"href":"https:\/\/www.splendidromania.ro\/en\/wp-json\/wp\/v2\/pages\/2372\/revisions"}],"predecessor-version":[{"id":2434,"href":"https:\/\/www.splendidromania.ro\/en\/wp-json\/wp\/v2\/pages\/2372\/revisions\/2434"}],"up":[{"embeddable":true,"href":"https:\/\/www.splendidromania.ro\/en\/wp-json\/wp\/v2\/pages\/2374"}],"wp:attachment":[{"href":"https:\/\/www.splendidromania.ro\/en\/wp-json\/wp\/v2\/media?parent=2372"}],"wp:term":[{"taxonomy":"project_type","embeddable":true,"href":"https:\/\/www.splendidromania.ro\/en\/wp-json\/wp\/v2\/project_type?post=2372"}],"curies":[{"name":"wp","href":"https:\/\/api.w.org\/{rel}","templated":true}]}}