{"id":2305,"date":"2025-06-26T14:11:11","date_gmt":"2025-06-26T12:11:11","guid":{"rendered":"https:\/\/www.splendidromania.ro\/?page_id=2305"},"modified":"2026-01-13T15:17:06","modified_gmt":"2026-01-13T13:17:06","slug":"proiect-transformare-digitala","status":"publish","type":"page","link":"https:\/\/www.splendidromania.ro\/en\/proiect-transformare-digitala\/","title":{"rendered":"Proiect Transformare Digital\u0103"},"content":{"rendered":"\t\t<div data-elementor-type=\"wp-page\" data-elementor-id=\"2305\" class=\"elementor elementor-2305\" data-elementor-post-type=\"page\">\n\t\t\t\t<div class=\"elementor-element elementor-element-2eaade8 e-flex e-con-boxed e-con e-parent\" data-id=\"2eaade8\" data-element_type=\"container\">\n\t\t\t\t\t<div class=\"e-con-inner\">\n\t\t<div class=\"elementor-element elementor-element-d77dd35 e-con-full e-flex e-con e-child\" data-id=\"d77dd35\" data-element_type=\"container\">\n\t\t\t\t<\/div>\n\t\t\t\t\t<\/div>\n\t\t\t\t<\/div>\n\t\t<div class=\"elementor-element elementor-element-29e4bcd e-flex e-con-boxed e-con e-parent\" data-id=\"29e4bcd\" data-element_type=\"container\">\n\t\t\t\t\t<div class=\"e-con-inner\">\n\t\t<div class=\"elementor-element elementor-element-ea334d5 e-con-full e-flex e-con e-child\" data-id=\"ea334d5\" data-element_type=\"container\">\n\t\t\t\t<div class=\"elementor-element elementor-element-4fd3d6d elementor-widget elementor-widget-image\" data-id=\"4fd3d6d\" data-element_type=\"widget\" data-widget_type=\"image.default\">\n\t\t\t\t\t\t\t\t\t\t\t\t\t\t\t\t<a href=\"https:\/\/european-union.europa.eu\/live-work-study\/funding-grants-subsidies_ro\" target=\"_blank\">\n\t\t\t\t\t\t\t<img fetchpriority=\"high\" decoding=\"async\" width=\"2560\" height=\"537\" src=\"https:\/\/www.splendidromania.ro\/wp-content\/uploads\/2025\/06\/UE-scaled.png\" class=\"attachment-full size-full wp-image-2306\" alt=\"\" srcset=\"https:\/\/www.splendidromania.ro\/wp-content\/uploads\/2025\/06\/UE-scaled.png 2560w, https:\/\/www.splendidromania.ro\/wp-content\/uploads\/2025\/06\/UE-300x63.png 300w, https:\/\/www.splendidromania.ro\/wp-content\/uploads\/2025\/06\/UE-1024x215.png 1024w, https:\/\/www.splendidromania.ro\/wp-content\/uploads\/2025\/06\/UE-768x161.png 768w, https:\/\/www.splendidromania.ro\/wp-content\/uploads\/2025\/06\/UE-1536x322.png 1536w, https:\/\/www.splendidromania.ro\/wp-content\/uploads\/2025\/06\/UE-2048x429.png 2048w, https:\/\/www.splendidromania.ro\/wp-content\/uploads\/2025\/06\/UE-18x4.png 18w\" sizes=\"(max-width: 2560px) 100vw, 2560px\" \/>\t\t\t\t\t\t\t\t<\/a>\n\t\t\t\t\t\t\t\t\t\t\t\t\t\t\t<\/div>\n\t\t\t\t<div class=\"elementor-element elementor-element-4f9dafd elementor-widget elementor-widget-image\" data-id=\"4f9dafd\" data-element_type=\"widget\" data-widget_type=\"image.default\">\n\t\t\t\t\t\t\t\t\t\t\t\t\t\t\t\t<a href=\"https:\/\/regionordest.ro\/\" target=\"_blank\">\n\t\t\t\t\t\t\t<img decoding=\"async\" width=\"1182\" height=\"626\" src=\"https:\/\/www.splendidromania.ro\/wp-content\/uploads\/2025\/11\/REGIO-NE-SGL-CMYK.jpg\" class=\"attachment-full size-full wp-image-2364\" alt=\"\" srcset=\"https:\/\/www.splendidromania.ro\/wp-content\/uploads\/2025\/11\/REGIO-NE-SGL-CMYK.jpg 1182w, https:\/\/www.splendidromania.ro\/wp-content\/uploads\/2025\/11\/REGIO-NE-SGL-CMYK-300x159.jpg 300w, https:\/\/www.splendidromania.ro\/wp-content\/uploads\/2025\/11\/REGIO-NE-SGL-CMYK-1024x542.jpg 1024w, https:\/\/www.splendidromania.ro\/wp-content\/uploads\/2025\/11\/REGIO-NE-SGL-CMYK-768x407.jpg 768w, https:\/\/www.splendidromania.ro\/wp-content\/uploads\/2025\/11\/REGIO-NE-SGL-CMYK-18x10.jpg 18w\" sizes=\"(max-width: 1182px) 100vw, 1182px\" \/>\t\t\t\t\t\t\t\t<\/a>\n\t\t\t\t\t\t\t\t\t\t\t\t\t\t\t<\/div>\n\t\t\t\t<div class=\"elementor-element elementor-element-1f4e9e3 elementor-widget elementor-widget-image\" data-id=\"1f4e9e3\" data-element_type=\"widget\" data-widget_type=\"image.default\">\n\t\t\t\t\t\t\t\t\t\t\t\t\t\t\t\t<a href=\"https:\/\/www.gov.ro\/\" target=\"_blank\">\n\t\t\t\t\t\t\t<img decoding=\"async\" width=\"500\" height=\"500\" src=\"https:\/\/www.splendidromania.ro\/wp-content\/uploads\/2025\/03\/sigla_guv_coroana_albastru.png\" class=\"attachment-full size-full wp-image-1837\" alt=\"\" srcset=\"https:\/\/www.splendidromania.ro\/wp-content\/uploads\/2025\/03\/sigla_guv_coroana_albastru.png 500w, https:\/\/www.splendidromania.ro\/wp-content\/uploads\/2025\/03\/elementor\/thumbs\/sigla_guv_coroana_albastru-r4472if4xmv9farg9tl0i5wmyyx8qed5ur52r10jaw.png 300w, https:\/\/www.splendidromania.ro\/wp-content\/uploads\/2025\/03\/elementor\/thumbs\/sigla_guv_coroana_albastru-r4472if33uom0aiunga9c1n3eylsqrjl129bixap98.png 150w\" sizes=\"(max-width: 500px) 100vw, 500px\" \/>\t\t\t\t\t\t\t\t<\/a>\n\t\t\t\t\t\t\t\t\t\t\t\t\t\t\t<\/div>\n\t\t\t\t<div class=\"elementor-element elementor-element-3847ead elementor-widget elementor-widget-image\" data-id=\"3847ead\" data-element_type=\"widget\" data-widget_type=\"image.default\">\n\t\t\t\t\t\t\t\t\t\t\t\t\t\t\t\t<a href=\"https:\/\/www.adrnordest.ro\/\" target=\"_blank\">\n\t\t\t\t\t\t\t<img loading=\"lazy\" decoding=\"async\" width=\"1920\" height=\"1082\" src=\"https:\/\/www.splendidromania.ro\/wp-content\/uploads\/2025\/03\/Logo-ADR-Nord-Est.jpg\" class=\"attachment-full size-full wp-image-1838\" alt=\"\" srcset=\"https:\/\/www.splendidromania.ro\/wp-content\/uploads\/2025\/03\/Logo-ADR-Nord-Est.jpg 1920w, https:\/\/www.splendidromania.ro\/wp-content\/uploads\/2025\/03\/Logo-ADR-Nord-Est-300x169.jpg 300w, https:\/\/www.splendidromania.ro\/wp-content\/uploads\/2025\/03\/Logo-ADR-Nord-Est-1024x577.jpg 1024w, https:\/\/www.splendidromania.ro\/wp-content\/uploads\/2025\/03\/Logo-ADR-Nord-Est-768x433.jpg 768w, https:\/\/www.splendidromania.ro\/wp-content\/uploads\/2025\/03\/Logo-ADR-Nord-Est-1536x866.jpg 1536w\" sizes=\"(max-width: 1920px) 100vw, 1920px\" \/>\t\t\t\t\t\t\t\t<\/a>\n\t\t\t\t\t\t\t\t\t\t\t\t\t\t\t<\/div>\n\t\t\t\t<\/div>\n\t\t\t\t<div class=\"elementor-element elementor-element-654154d elementor-widget elementor-widget-text-editor\" data-id=\"654154d\" data-element_type=\"widget\" data-widget_type=\"text-editor.default\">\n\t\t\t\t\t\t\t\t\t<h4>\u00a0<\/h4><h4><b>PROIECT &#8211;<\/b><em><span style=\"font-weight: 400;\">\u00a0<\/span><\/em><b><em>TRANSFORMARE DIGITAL\u0102 SPLENDID DEVELOPMENT S.R.L.<\/em><\/b><\/h4><p><span style=\"font-weight: 400;\">COD SMIS: 313254<\/span><\/p>\t\t\t\t\t\t\t\t<\/div>\n\t\t\t\t<div class=\"elementor-element elementor-element-1e3401c elementor-widget elementor-widget-text-editor\" data-id=\"1e3401c\" data-element_type=\"widget\" data-widget_type=\"text-editor.default\">\n\t\t\t\t\t\t\t\t\t<p><b>INFORMA\u021aII GENERALE<\/b><\/p><ul><li><span style=\"font-weight: 400;\">Denumirea beneficiarului: SPLENDID DEVELOPMENT S.R.L.<\/span><\/li><li><span style=\"font-weight: 400;\">Contract de finan\u021bare: nr. 572\/04.11.2024<\/span><\/li><li><span style=\"font-weight: 400;\">Organism Intermediar: Agen\u0163ia pentru Dezvoltare Regional\u0103 Nord \u2013 Est<\/span><\/li><li><span style=\"font-weight: 400;\">Valoarea total\u0103 a proiectului: 648.098,89 lei<\/span><\/li><li><span style=\"font-weight: 400;\">Valoarea finan\u021b\u0103rii nerambursabile din FEDR: 419.077,86 lei<\/span><\/li><li><span style=\"font-weight: 400;\">Valoarea finan\u021b\u0103rii nerambursabile din bugetul na\u021bional: 73.954,92 lei<\/span><\/li><\/ul><div>\u00a0<\/div><p><b>OBIECTIVUL GENERAL<\/b><\/p><p><span style=\"font-weight: 400;\">Obiectivul general al proiectului \u00eel constituie cre\u0219terea intensit\u0103\u021bii digitale la nivelul companiei, prin implementarea de solu\u021bii integrate de digitalizare pentru firma Splendid Development SRL, cu scopul de a optimiza procesele opera\u021bionale, de a \u00eembun\u0103t\u0103\u021bi eficien\u021ba \u0219i de a spori competitivitatea pe pia\u021b\u0103.\u00a0<\/span><\/p><p><b>OBIECTIVELE SPECIFICE ALE PROIECTULUI<\/b><\/p><ol><li><span style=\"font-weight: 400;\"> Implementarea unei solu\u021bii complete de digitalizare a proceselor opera\u021bionale \u0219i a fluxurilor de lucru \u00een cadrul firmei Splendid Development SRL. prin achizitia de aplicatii software si echipamente hardware dedicate activitatii de inginerie civila.<\/span><\/li><li><span style=\"font-weight: 400;\"> Dezvoltarea \u0219i implementarea unei strategii de marketing digital integrat, concentr\u00e2ndu-se pe crearea unui website profesional \u0219i pe promovarea activ\u0103 pe platformele de social media pentru consolidarea brandului \u0219i atragerea de noi clien\u021bi si angaja\u021bi.\u00a0<\/span><\/li><\/ol><div>\u00a0<\/div><p><b>REZULTATE A\u0218TEPTATE ALE PROIECTULUI<\/b><\/p><ol><li><span style=\"font-weight: 400;\"> Implementarea RPA (Robotic Process Automation), ERP (Enterprise Resource Planning), CRM (Customer Relationship Mangement)\u00a0 \u0219i servicii cloud computing:\u00a0 Microsoft Power Automate Premium (1 an) &#8211; 1 bucat\u0103, Microsoft Power BI Premium (1 an) \u2013 1 bucat\u0103 \u0219i Microsoft Power Apps Premium (1an) &#8211; 1 bucat\u0103.<\/span><\/li><li><span style=\"font-weight: 400;\"> Unit\u0103\u021bi de hardware TIC \u2013 laptopuri \u2013 7 buc\u0103\u021bi.<\/span><\/li><li><span style=\"font-weight: 400;\"> Website de prezentare a companiei realizate.<\/span><\/li><li><span style=\"font-weight: 400;\"> BTP (Business Technology Platform): licen\u021be AEC Collection 7 buc\u0103\u021bi; BIM Collaborate Pro &#8211; 7 buc\u0103\u021bi; Rhinoceros &#8211; 2 buc\u0103\u021bi.<\/span><\/li><li><span style=\"font-weight: 400;\"> Promovare social media pe perioada de implementare a proiectului.\u00a0<\/span><\/li><\/ol><div>\u00a0<\/div><p><span style=\"font-weight: 400;\">Perioada de implementare a Proiectului este de 12 luni de la data semn\u0103rii contractului de finan\u021bare, respectiv p\u00e2n\u0103 la data 04.11.2025.<\/span><\/p><p><span style=\"font-weight: 400;\">Pentru informa\u021bii detaliate despre celelalte programe cofinan\u021bate de Uniunea European\u0103, v\u0103 invit\u0103m s\u0103 vizita\u021bi <\/span><a href=\"https:\/\/mfe.gov.ro\/\"><span style=\"font-weight: 400;\">https:\/\/mfe.gov.ro\/<\/span><\/a><span style=\"font-weight: 400;\">\u00a0<\/span><\/p><p><a href=\"http:\/\/www.regionordest.ro\/\">http:\/\/www.regionordest.ro\/<\/a><\/p><p><a href=\"http:\/\/www.facebook.com\/Regio.NordEst.ro\">http:\/\/www.facebook.com\/Regio.NordEst.ro<\/a><\/p>\t\t\t\t\t\t\t\t<\/div>\n\t\t<div class=\"elementor-element elementor-element-7d679bb e-con-full e-flex e-con e-child\" data-id=\"7d679bb\" data-element_type=\"container\">\n\t\t\t\t<div class=\"elementor-element elementor-element-7bf2b36 elementor-widget elementor-widget-image\" data-id=\"7bf2b36\" data-element_type=\"widget\" data-widget_type=\"image.default\">\n\t\t\t\t\t\t\t\t\t\t\t\t\t\t\t<img loading=\"lazy\" decoding=\"async\" width=\"228\" height=\"74\" src=\"https:\/\/www.splendidromania.ro\/wp-content\/uploads\/2025\/03\/logo-b.svg\" class=\"attachment-full size-full wp-image-21\" alt=\"\" \/>\t\t\t\t\t\t\t\t\t\t\t\t\t\t\t<\/div>\n\t\t\t\t<div class=\"elementor-element elementor-element-ebe7e96 elementor-widget elementor-widget-image\" data-id=\"ebe7e96\" data-element_type=\"widget\" data-widget_type=\"image.default\">\n\t\t\t\t\t\t\t\t\t\t\t\t\t\t\t\t<a href=\"https:\/\/www.adrnordest.ro\/\" target=\"_blank\">\n\t\t\t\t\t\t\t<img loading=\"lazy\" decoding=\"async\" width=\"555\" height=\"86\" src=\"https:\/\/www.splendidromania.ro\/wp-content\/uploads\/2025\/06\/Nordeste.png\" class=\"attachment-full size-full wp-image-2307\" alt=\"\" srcset=\"https:\/\/www.splendidromania.ro\/wp-content\/uploads\/2025\/06\/Nordeste.png 555w, https:\/\/www.splendidromania.ro\/wp-content\/uploads\/2025\/06\/Nordeste-300x46.png 300w, https:\/\/www.splendidromania.ro\/wp-content\/uploads\/2025\/06\/Nordeste-18x3.png 18w\" sizes=\"(max-width: 555px) 100vw, 555px\" \/>\t\t\t\t\t\t\t\t<\/a>\n\t\t\t\t\t\t\t\t\t\t\t\t\t\t\t<\/div>\n\t\t\t\t<\/div>\n\t\t\t\t\t<\/div>\n\t\t\t\t<\/div>\n\t\t\t\t<\/div>\n\t\t","protected":false},"excerpt":{"rendered":"<p>\u00a0 PROIECT &#8211;\u00a0TRANSFORMARE DIGITAL\u0102 SPLENDID DEVELOPMENT S.R.L. COD SMIS: 313254 INFORMA\u021aII GENERALE Denumirea beneficiarului: SPLENDID DEVELOPMENT S.R.L. Contract de finan\u021bare: nr. 572\/04.11.2024 Organism Intermediar: Agen\u0163ia pentru Dezvoltare Regional\u0103 Nord \u2013 Est Valoarea total\u0103 a proiectului: 648.098,89 lei Valoarea finan\u021b\u0103rii nerambursabile din FEDR: 419.077,86 lei Valoarea finan\u021b\u0103rii nerambursabile din bugetul na\u021bional: 73.954,92 lei \u00a0 OBIECTIVUL GENERAL [&hellip;]<\/p>\n","protected":false},"author":1,"featured_media":0,"parent":0,"menu_order":0,"comment_status":"closed","ping_status":"closed","template":"","meta":{"footnotes":""},"project_type":[],"class_list":["post-2305","page","type-page","status-publish","hentry"],"yoast_head":"<!-- This site is optimized with the Yoast SEO plugin v26.2 - https:\/\/yoast.com\/wordpress\/plugins\/seo\/ -->\n<title>Proiect Transformare Digital\u0103 - Splendid DEVELOPMENT<\/title>\n<meta name=\"description\" content=\"Proiect Transformare Digital\u0103\" \/>\n<meta name=\"robots\" content=\"index, follow, max-snippet:-1, max-image-preview:large, max-video-preview:-1\" \/>\n<link rel=\"canonical\" href=\"https:\/\/www.splendidromania.ro\/en\/proiect-transformare-digitala\/\" \/>\n<meta property=\"og:locale\" content=\"en_US\" \/>\n<meta property=\"og:type\" content=\"article\" \/>\n<meta property=\"og:title\" content=\"Proiect Transformare Digital\u0103 - Splendid DEVELOPMENT\" \/>\n<meta property=\"og:description\" content=\"Proiect Transformare Digital\u0103\" \/>\n<meta property=\"og:url\" content=\"https:\/\/www.splendidromania.ro\/en\/proiect-transformare-digitala\/\" \/>\n<meta property=\"og:site_name\" content=\"Splendid DEVELOPMENT\" \/>\n<meta property=\"article:modified_time\" content=\"2026-01-13T13:17:06+00:00\" \/>\n<meta property=\"og:image\" content=\"https:\/\/www.splendidromania.ro\/wp-content\/uploads\/2025\/06\/UE-scaled.png\" \/>\n<meta name=\"twitter:card\" content=\"summary_large_image\" \/>\n<meta name=\"twitter:label1\" content=\"Est. reading time\" \/>\n\t<meta name=\"twitter:data1\" content=\"3 minutes\" \/>\n<script type=\"application\/ld+json\" class=\"yoast-schema-graph\">{\"@context\":\"https:\/\/schema.org\",\"@graph\":[{\"@type\":\"WebPage\",\"@id\":\"https:\/\/www.splendidromania.ro\/ro\/proiect-transformare-digitala\/\",\"url\":\"https:\/\/www.splendidromania.ro\/ro\/proiect-transformare-digitala\/\",\"name\":\"Proiect Transformare Digital\u0103 - Splendid DEVELOPMENT\",\"isPartOf\":{\"@id\":\"https:\/\/www.splendidromania.ro\/en\/#website\"},\"primaryImageOfPage\":{\"@id\":\"https:\/\/www.splendidromania.ro\/ro\/proiect-transformare-digitala\/#primaryimage\"},\"image\":{\"@id\":\"https:\/\/www.splendidromania.ro\/ro\/proiect-transformare-digitala\/#primaryimage\"},\"thumbnailUrl\":\"https:\/\/www.splendidromania.ro\/wp-content\/uploads\/2025\/06\/UE-scaled.png\",\"datePublished\":\"2025-06-26T12:11:11+00:00\",\"dateModified\":\"2026-01-13T13:17:06+00:00\",\"description\":\"Proiect Transformare Digital\u0103\",\"breadcrumb\":{\"@id\":\"https:\/\/www.splendidromania.ro\/ro\/proiect-transformare-digitala\/#breadcrumb\"},\"inLanguage\":\"en-US\",\"potentialAction\":[{\"@type\":\"ReadAction\",\"target\":[\"https:\/\/www.splendidromania.ro\/ro\/proiect-transformare-digitala\/\"]}]},{\"@type\":\"ImageObject\",\"inLanguage\":\"en-US\",\"@id\":\"https:\/\/www.splendidromania.ro\/ro\/proiect-transformare-digitala\/#primaryimage\",\"url\":\"https:\/\/www.splendidromania.ro\/wp-content\/uploads\/2025\/06\/UE-scaled.png\",\"contentUrl\":\"https:\/\/www.splendidromania.ro\/wp-content\/uploads\/2025\/06\/UE-scaled.png\"},{\"@type\":\"BreadcrumbList\",\"@id\":\"https:\/\/www.splendidromania.ro\/ro\/proiect-transformare-digitala\/#breadcrumb\",\"itemListElement\":[{\"@type\":\"ListItem\",\"position\":1,\"name\":\"Home\",\"item\":\"https:\/\/www.splendidromania.ro\/en\/\"},{\"@type\":\"ListItem\",\"position\":2,\"name\":\"Proiect Transformare Digital\u0103\"}]},{\"@type\":\"WebSite\",\"@id\":\"https:\/\/www.splendidromania.ro\/en\/#website\",\"url\":\"https:\/\/www.splendidromania.ro\/en\/\",\"name\":\"Splendid DEVELOPMENT\",\"description\":\"Led by customer experience\",\"publisher\":{\"@id\":\"https:\/\/www.splendidromania.ro\/en\/#organization\"},\"potentialAction\":[{\"@type\":\"SearchAction\",\"target\":{\"@type\":\"EntryPoint\",\"urlTemplate\":\"https:\/\/www.splendidromania.ro\/en\/?s={search_term_string}\"},\"query-input\":{\"@type\":\"PropertyValueSpecification\",\"valueRequired\":true,\"valueName\":\"search_term_string\"}}],\"inLanguage\":\"en-US\"},{\"@type\":\"Organization\",\"@id\":\"https:\/\/www.splendidromania.ro\/en\/#organization\",\"name\":\"Splendid DEVELOPMENT\",\"url\":\"https:\/\/www.splendidromania.ro\/en\/\",\"logo\":{\"@type\":\"ImageObject\",\"inLanguage\":\"en-US\",\"@id\":\"https:\/\/www.splendidromania.ro\/en\/#\/schema\/logo\/image\/\",\"url\":\"https:\/\/www.splendidromania.ro\/wp-content\/uploads\/2025\/03\/logo-b.svg\",\"contentUrl\":\"https:\/\/www.splendidromania.ro\/wp-content\/uploads\/2025\/03\/logo-b.svg\",\"width\":228,\"height\":74,\"caption\":\"Splendid DEVELOPMENT\"},\"image\":{\"@id\":\"https:\/\/www.splendidromania.ro\/en\/#\/schema\/logo\/image\/\"},\"sameAs\":[\"https:\/\/www.linkedin.com\/company\/splendid-development\/\"]}]}<\/script>\n<!-- \/ Yoast SEO plugin. -->","yoast_head_json":{"title":"Proiect Transformare Digital\u0103 - Splendid DEVELOPMENT","description":"Proiect Transformare Digital\u0103","robots":{"index":"index","follow":"follow","max-snippet":"max-snippet:-1","max-image-preview":"max-image-preview:large","max-video-preview":"max-video-preview:-1"},"canonical":"https:\/\/www.splendidromania.ro\/en\/proiect-transformare-digitala\/","og_locale":"en_US","og_type":"article","og_title":"Proiect Transformare Digital\u0103 - Splendid DEVELOPMENT","og_description":"Proiect Transformare Digital\u0103","og_url":"https:\/\/www.splendidromania.ro\/en\/proiect-transformare-digitala\/","og_site_name":"Splendid DEVELOPMENT","article_modified_time":"2026-01-13T13:17:06+00:00","og_image":[{"url":"https:\/\/www.splendidromania.ro\/wp-content\/uploads\/2025\/06\/UE-scaled.png","type":"","width":"","height":""}],"twitter_card":"summary_large_image","twitter_misc":{"Est. reading time":"3 minutes"},"schema":{"@context":"https:\/\/schema.org","@graph":[{"@type":"WebPage","@id":"https:\/\/www.splendidromania.ro\/ro\/proiect-transformare-digitala\/","url":"https:\/\/www.splendidromania.ro\/ro\/proiect-transformare-digitala\/","name":"Proiect Transformare Digital\u0103 - Splendid DEVELOPMENT","isPartOf":{"@id":"https:\/\/www.splendidromania.ro\/en\/#website"},"primaryImageOfPage":{"@id":"https:\/\/www.splendidromania.ro\/ro\/proiect-transformare-digitala\/#primaryimage"},"image":{"@id":"https:\/\/www.splendidromania.ro\/ro\/proiect-transformare-digitala\/#primaryimage"},"thumbnailUrl":"https:\/\/www.splendidromania.ro\/wp-content\/uploads\/2025\/06\/UE-scaled.png","datePublished":"2025-06-26T12:11:11+00:00","dateModified":"2026-01-13T13:17:06+00:00","description":"Proiect Transformare Digital\u0103","breadcrumb":{"@id":"https:\/\/www.splendidromania.ro\/ro\/proiect-transformare-digitala\/#breadcrumb"},"inLanguage":"en-US","potentialAction":[{"@type":"ReadAction","target":["https:\/\/www.splendidromania.ro\/ro\/proiect-transformare-digitala\/"]}]},{"@type":"ImageObject","inLanguage":"en-US","@id":"https:\/\/www.splendidromania.ro\/ro\/proiect-transformare-digitala\/#primaryimage","url":"https:\/\/www.splendidromania.ro\/wp-content\/uploads\/2025\/06\/UE-scaled.png","contentUrl":"https:\/\/www.splendidromania.ro\/wp-content\/uploads\/2025\/06\/UE-scaled.png"},{"@type":"BreadcrumbList","@id":"https:\/\/www.splendidromania.ro\/ro\/proiect-transformare-digitala\/#breadcrumb","itemListElement":[{"@type":"ListItem","position":1,"name":"Home","item":"https:\/\/www.splendidromania.ro\/en\/"},{"@type":"ListItem","position":2,"name":"Proiect Transformare Digital\u0103"}]},{"@type":"WebSite","@id":"https:\/\/www.splendidromania.ro\/en\/#website","url":"https:\/\/www.splendidromania.ro\/en\/","name":"Splendid DEVELOPMENT","description":"Led by customer experience","publisher":{"@id":"https:\/\/www.splendidromania.ro\/en\/#organization"},"potentialAction":[{"@type":"SearchAction","target":{"@type":"EntryPoint","urlTemplate":"https:\/\/www.splendidromania.ro\/en\/?s={search_term_string}"},"query-input":{"@type":"PropertyValueSpecification","valueRequired":true,"valueName":"search_term_string"}}],"inLanguage":"en-US"},{"@type":"Organization","@id":"https:\/\/www.splendidromania.ro\/en\/#organization","name":"Splendid DEVELOPMENT","url":"https:\/\/www.splendidromania.ro\/en\/","logo":{"@type":"ImageObject","inLanguage":"en-US","@id":"https:\/\/www.splendidromania.ro\/en\/#\/schema\/logo\/image\/","url":"https:\/\/www.splendidromania.ro\/wp-content\/uploads\/2025\/03\/logo-b.svg","contentUrl":"https:\/\/www.splendidromania.ro\/wp-content\/uploads\/2025\/03\/logo-b.svg","width":228,"height":74,"caption":"Splendid DEVELOPMENT"},"image":{"@id":"https:\/\/www.splendidromania.ro\/en\/#\/schema\/logo\/image\/"},"sameAs":["https:\/\/www.linkedin.com\/company\/splendid-development\/"]}]}},"_links":{"self":[{"href":"https:\/\/www.splendidromania.ro\/en\/wp-json\/wp\/v2\/pages\/2305","targetHints":{"allow":["GET"]}}],"collection":[{"href":"https:\/\/www.splendidromania.ro\/en\/wp-json\/wp\/v2\/pages"}],"about":[{"href":"https:\/\/www.splendidromania.ro\/en\/wp-json\/wp\/v2\/types\/page"}],"author":[{"embeddable":true,"href":"https:\/\/www.splendidromania.ro\/en\/wp-json\/wp\/v2\/users\/1"}],"replies":[{"embeddable":true,"href":"https:\/\/www.splendidromania.ro\/en\/wp-json\/wp\/v2\/comments?post=2305"}],"version-history":[{"count":34,"href":"https:\/\/www.splendidromania.ro\/en\/wp-json\/wp\/v2\/pages\/2305\/revisions"}],"predecessor-version":[{"id":2417,"href":"https:\/\/www.splendidromania.ro\/en\/wp-json\/wp\/v2\/pages\/2305\/revisions\/2417"}],"wp:attachment":[{"href":"https:\/\/www.splendidromania.ro\/en\/wp-json\/wp\/v2\/media?parent=2305"}],"wp:term":[{"taxonomy":"project_type","embeddable":true,"href":"https:\/\/www.splendidromania.ro\/en\/wp-json\/wp\/v2\/project_type?post=2305"}],"curies":[{"name":"wp","href":"https:\/\/api.w.org\/{rel}","templated":true}]}}